{"id":267,"date":"2024-05-28T23:52:14","date_gmt":"2024-05-28T23:52:14","guid":{"rendered":"https:\/\/hospitalpetdream.com.br\/site\/?page_id=267"},"modified":"2025-06-11T17:10:25","modified_gmt":"2025-06-11T17:10:25","slug":"about-us-2","status":"publish","type":"page","link":"https:\/\/hospitalpetdream.com.br\/site\/about-us-2\/","title":{"rendered":"Pet Dream"},"content":{"rendered":"\t\t<div data-elementor-type=\"wp-page\" data-elementor-id=\"267\" class=\"elementor elementor-267\" data-elementor-post-type=\"page\">\n\t\t\t\t\t\t<section class=\"elementor-section elementor-top-section elementor-element elementor-element-630a299 elementor-section-content-middle pbmit-col-stretched-none pbmit-bg-color-over-image elementor-section-boxed elementor-section-height-default elementor-section-height-default wpr-particle-no wpr-jarallax-no wpr-parallax-no wpr-sticky-section-no\" data-id=\"630a299\" data-element_type=\"section\">\n\t\t\t\t\t\t<div class=\"elementor-container elementor-column-gap-no\">\n\t\t\t\t\t<div class=\"elementor-column elementor-col-100 elementor-top-column elementor-element elementor-element-017da29 pbmit-bg-color-over-image\" data-id=\"017da29\" data-element_type=\"column\">\n\t\t\t<div class=\"elementor-widget-wrap elementor-element-populated\">\n\t\t\t\t\t\t<div class=\"elementor-element elementor-element-66eac20 elementor-widget elementor-widget-pbmit_multiple_icon_heading\" data-id=\"66eac20\" data-element_type=\"widget\" data-widget_type=\"pbmit_multiple_icon_heading.default\">\n\t\t\t\t<div class=\"elementor-widget-container\">\n\t\t\t\r\n\t\t<div class=\"pbminfotech-element\r\n\t\t\tpbminfotech-element-miconheading\t\t\tpbmit-element-miconheading-style-20\t\t\tpbmit-element-viewtype-row-column\t\t\tpbmit-element-column-one\t\t\tpbmit-element-sticky-carousel-false\t\t\tpbmit-element-caroursel-dot-false\t\t\tpbmit-infinite-scroll-no\t\t\tpbmit-infinite-scroll-button-no\t\t\t\t\t\t\t\t\t\t\t\t\"\r\n\r\n\t\t\tdata-cpt=\"miconheading\"\r\n\t\t\tdata-totalpagination=\"1\"\r\n\t\t\tdata-style=\"20\"\r\n\t\t\tdata-show=\"3\"\r\n\t\t\tdata-columns=\"1\"\r\n\t\t\tdata-loop=\"false\"\r\n\t\t\tdata-autoplay=\"false\"\r\n\t\t\tdata-center=\"false\"\r\n\t\t\tdata-nav=\"false\"\r\n\t\t\tdata-dots=\"false\"\r\n\t\t\tdata-reverse=\"false\"\r\n\t\t\tdata-speed=\"1000\"\r\n\t\t\tdata-delay=\"4000\"\r\n\t\t\tdata-margin=\"\"\r\n\t\t\tdata-show-portion=\"false\">\r\n\r\n\t\t\t<div class=\"pbmit-element-inner\">\r\n\t\t\r\n\r\n\t\t\r\n\t\t<div class=\"pbmit-ele-header-area\">\r\n\t\t\t\t<div class=\"pbmit-heading-subheading pbmit-reverse-heading-yes\"><h2 class=\"pbmit-element-title\">\r\n\t\t\t\r\n\t\t\t\tS\u00c3O MAIS DE 30 ANOS DE \nATUA\u00c7\u00c3O\r\n\t\t\t\r\n\t\t\t<\/h2>\r\n\t\t<\/div>\t\t<\/div>\r\n\r\n\r\n\t\t<div class=\"pbmit-element-posts-wrapper row multi-columns-row\">\r\n\r\n\t\t\t<article class=\"pbmit-ele pbmit-ele-miconheading pbmit-miconheading-style-20 col-md-12   \">\r\n\t\t\t\t\t\t<div class=\"pbmit-ihbox pbmit-ihbox-style-20\">\r\n\t\t\t\t\t\t\t<div class=\"pbmit-ihbox-headingicon\">\r\n\t<div class=\"pbmit-ihbox-icon\"><div class=\"pbmit-ihbox-icon-wrapper pbmit-ihbox-icon-type-text\"><\/div><\/div>\t<div class=\"pbmit-ihbox-contents\">\r\n\t\t\t\t\t\t<h2 class=\"pbmit-element-title\">\r\n\t\t\t\t\t\t\t\t\r\n\t\t\t\t\t\t\t\t\t\n\r\n\t\t\t\t\t\t\t\t\r\n\t\t\t\t\t\t\t\t<\/h2>\r\n\t\t\t\t\t\t\t\t\t\t\t\t<\/div><!-- .pbmit-ihbox-contents -->\r\n<\/div> \t\r\n\t\t\t\t\t\t<\/div>\r\n\r\n\t\t\t\t\t<\/article>\r\n\t\t<\/div>\r\n\r\n\t\t\t\t\t<\/div><!-- .pbmit-element-inner -->\r\n\t\t<\/div><!-- .pbminfotech-element -->\r\n\r\n\t\t\t\t<\/div>\n\t\t\t\t<\/div>\n\t\t\t\t<div class=\"elementor-element elementor-element-8f849df elementor-widget elementor-widget-text-editor\" data-id=\"8f849df\" data-element_type=\"widget\" data-widget_type=\"text-editor.default\">\n\t\t\t\t<div class=\"elementor-widget-container\">\n\t\t\t<style>\/*! elementor - v3.22.0 - 26-06-2024 *\/\n.elementor-widget-text-editor.elementor-drop-cap-view-stacked .elementor-drop-cap{background-color:#69727d;color:#fff}.elementor-widget-text-editor.elementor-drop-cap-view-framed .elementor-drop-cap{color:#69727d;border:3px solid;background-color:transparent}.elementor-widget-text-editor:not(.elementor-drop-cap-view-default) .elementor-drop-cap{margin-top:8px}.elementor-widget-text-editor:not(.elementor-drop-cap-view-default) .elementor-drop-cap-letter{width:1em;height:1em}.elementor-widget-text-editor .elementor-drop-cap{float:left;text-align:center;line-height:1;font-size:50px}.elementor-widget-text-editor .elementor-drop-cap-letter{display:inline-block}<\/style>\t\t\t\t<p>Desde 1994, o Hospital Veterin\u00e1rio Pet Dream se destaca pela excel\u00eancia no cuidado \u00e0 sa\u00fade animal. Fundado com o compromisso de oferecer tratamentos de alta qualidade, compreendemos a import\u00e2ncia da sensibilidade e da experi\u00eancia para cuidar de pacientes que n\u00e3o podem se comunicar diretamente.<br \/><br \/>Com mais de 30 anos de dedica\u00e7\u00e3o, a Pet Dream se consolidou como o maior complexo pet hospitalar de Pernambuco, sendo uma refer\u00eancia em todo o estado. Nossas unidades em Boa Viagem, Piedade, Casa Forte e Set\u00fabal est\u00e3o estrategicamente posicionadas para oferecer um amplo leque de servi\u00e7os e produtos para Pets de toda cidade.<\/p>\t\t\t\t\t\t<\/div>\n\t\t\t\t<\/div>\n\t\t\t\t\t<\/div>\n\t\t<\/div>\n\t\t\t\t\t<\/div>\n\t\t<\/section>\n\t\t\t\t<div class=\"elementor-section elementor-top-section elementor-element elementor-element-9b04efc elementor-section-full_width elementor-section-stretched pbmit-col-stretched-none pbmit-bg-color-over-image elementor-section-height-default elementor-section-height-default wpr-particle-no wpr-jarallax-no wpr-parallax-no wpr-sticky-section-no\" data-id=\"9b04efc\" data-element_type=\"section\" data-settings=\"{&quot;stretch_section&quot;:&quot;section-stretched&quot;}\">\n\t\t\t\t\t\t<div class=\"elementor-container elementor-column-gap-no\">\n\t\t\t\t\t<div class=\"elementor-column elementor-col-100 elementor-top-column elementor-element elementor-element-9fa415f pbmit-bg-color-over-image\" data-id=\"9fa415f\" data-element_type=\"column\">\n\t\t\t<div class=\"elementor-widget-wrap elementor-element-populated\">\n\t\t\t\t\t\t<div class=\"elementor-element elementor-element-0e1ce21 elementor-widget elementor-widget-pbmit_marquee_effect_element\" data-id=\"0e1ce21\" data-element_type=\"widget\" data-widget_type=\"pbmit_marquee_effect_element.default\">\n\t\t\t\t<div class=\"elementor-widget-container\">\n\t\t\t\r\n\t\t\r\n\t\t<div class=\"pbminfotech-element\r\n\t\t\tpbminfotech-element-marquee-effect\t\t\tpbmit-element-marquee-effect-style-1\t\t\tpbmit-element-viewtype-row-column\t\t\tpbmit-element-column-three\t\t\tpbmit-element-sticky-carousel-false\t\t\tpbmit-element-caroursel-dot-false\t\t\tpbmit-infinite-scroll-no\t\t\tpbmit-infinite-scroll-button-no\t\t\t\t\t\t\t\t\t\t\t\t\"\r\n\r\n\t\t\tdata-cpt=\"marquee-effect\"\r\n\t\t\tdata-totalpagination=\"1\"\r\n\t\t\tdata-style=\"1\"\r\n\t\t\tdata-show=\"3\"\r\n\t\t\tdata-columns=\"3\"\r\n\t\t\tdata-loop=\"false\"\r\n\t\t\tdata-autoplay=\"false\"\r\n\t\t\tdata-center=\"false\"\r\n\t\t\tdata-nav=\"false\"\r\n\t\t\tdata-dots=\"false\"\r\n\t\t\tdata-reverse=\"false\"\r\n\t\t\tdata-speed=\"1000\"\r\n\t\t\tdata-delay=\"4000\"\r\n\t\t\tdata-margin=\"\"\r\n\t\t\tdata-show-portion=\"false\">\r\n\r\n\t\t\t<div class=\"pbmit-element-inner\">\r\n\t\t\r\n\r\n\t\t\r\n\t\t<div class=\"pbmit-marquee-effect-section\">\t\t\r\n\r\n\t\t\t<div class=\"pbmit-marquee-container pbmit-tag-top pbmit-element-posts-wrapper swiper-container\">\r\n\t\t\t\t<article class=\"pbmit-ele pbmit-ele-marquee-effect pbmit-marquee-effect-style-1    \"><div class=\"pbmit-tag-wrapper\">\r\n\t<h2 class=\"pbmit-element-title\" data-text=\"DERMATOLOGIA \">\r\n\t\t\t\t\t\t\r\n\t\t\t\t\t\t\tDERMATOLOGIA \r\n\t\t\t\t\t\t\r\n\t\t\t\t\t\t<\/h2><\/div><\/article><article class=\"pbmit-ele pbmit-ele-marquee-effect pbmit-marquee-effect-style-1    \"><div class=\"pbmit-tag-wrapper\">\r\n\t<h2 class=\"pbmit-element-title\" data-text=\"NEFROLOGIA\">\r\n\t\t\t\t\t\t\r\n\t\t\t\t\t\t\tNEFROLOGIA\r\n\t\t\t\t\t\t\r\n\t\t\t\t\t\t<\/h2><\/div><\/article><article class=\"pbmit-ele pbmit-ele-marquee-effect pbmit-marquee-effect-style-1    \"><div class=\"pbmit-tag-wrapper\">\r\n\t<h2 class=\"pbmit-element-title\" data-text=\"NEUROLOGIA\">\r\n\t\t\t\t\t\t\r\n\t\t\t\t\t\t\tNEUROLOGIA\r\n\t\t\t\t\t\t\r\n\t\t\t\t\t\t<\/h2><\/div><\/article><article class=\"pbmit-ele pbmit-ele-marquee-effect pbmit-marquee-effect-style-1    \"><div class=\"pbmit-tag-wrapper\">\r\n\t<h2 class=\"pbmit-element-title\" data-text=\"ORTOPEDIA\">\r\n\t\t\t\t\t\t\r\n\t\t\t\t\t\t\tORTOPEDIA\r\n\t\t\t\t\t\t\r\n\t\t\t\t\t\t<\/h2><\/div><\/article><article class=\"pbmit-ele pbmit-ele-marquee-effect pbmit-marquee-effect-style-1    \"><div class=\"pbmit-tag-wrapper\">\r\n\t<h2 class=\"pbmit-element-title\" data-text=\"OFTALMOLOGIA\">\r\n\t\t\t\t\t\t\r\n\t\t\t\t\t\t\tOFTALMOLOGIA\r\n\t\t\t\t\t\t\r\n\t\t\t\t\t\t<\/h2><\/div><\/article>\t\t\t<\/div>\r\n\t\t<\/div>\r\n\r\n\t\t\t\t\t<\/div><!-- .pbmit-element-inner -->\r\n\t\t<\/div><!-- .pbminfotech-element -->\r\n\r\n\t\t\t\t\t\t<\/div>\n\t\t\t\t<\/div>\n\t\t\t\t\t<\/div>\n\t\t<\/div>\n\t\t\t\t\t<\/div>\n\t\t<\/div>\n\t\t\t\t<\/div>\n\t\t","protected":false},"excerpt":{"rendered":"<p>S\u00c3O MAIS DE 30 ANOS DE ATUA\u00c7\u00c3O Desde 1994, o Hospital Veterin\u00e1rio Pet Dream se destaca pela excel\u00eancia no cuidado \u00e0 sa\u00fade animal. Fundado com o compromisso de oferecer tratamentos de alta qualidade, compreendemos a import\u00e2ncia da sensibilidade e da experi\u00eancia para cuidar de pacientes que n\u00e3o podem se comunicar diretamente. Com mais de 30 anos de dedica\u00e7\u00e3o, a Pet Dream se consolidou como o maior complexo pet hospitalar de Pernambuco, sendo uma refer\u00eancia em todo o estado. Nossas unidades em Boa Viagem, Piedade, Casa Forte e Set\u00fabal est\u00e3o estrategicamente posicionadas para oferecer um amplo leque de servi\u00e7os e produtos para Pets de toda cidade. DERMATOLOGIA NEFROLOGIA NEUROLOGIA ORTOPEDIA OFTALMOLOGIA<\/p>\n","protected":false},"author":4,"featured_media":0,"parent":0,"menu_order":4,"comment_status":"closed","ping_status":"closed","template":"","meta":{"_acf_changed":false,"inline_featured_image":false,"footnotes":""},"class_list":["post-267","page","type-page","status-publish","hentry"],"acf":[],"_links":{"self":[{"href":"https:\/\/hospitalpetdream.com.br\/site\/wp-json\/wp\/v2\/pages\/267","targetHints":{"allow":["GET"]}}],"collection":[{"href":"https:\/\/hospitalpetdream.com.br\/site\/wp-json\/wp\/v2\/pages"}],"about":[{"href":"https:\/\/hospitalpetdream.com.br\/site\/wp-json\/wp\/v2\/types\/page"}],"author":[{"embeddable":true,"href":"https:\/\/hospitalpetdream.com.br\/site\/wp-json\/wp\/v2\/users\/4"}],"replies":[{"embeddable":true,"href":"https:\/\/hospitalpetdream.com.br\/site\/wp-json\/wp\/v2\/comments?post=267"}],"version-history":[{"count":50,"href":"https:\/\/hospitalpetdream.com.br\/site\/wp-json\/wp\/v2\/pages\/267\/revisions"}],"predecessor-version":[{"id":1564,"href":"https:\/\/hospitalpetdream.com.br\/site\/wp-json\/wp\/v2\/pages\/267\/revisions\/1564"}],"wp:attachment":[{"href":"https:\/\/hospitalpetdream.com.br\/site\/wp-json\/wp\/v2\/media?parent=267"}],"curies":[{"name":"wp","href":"https:\/\/api.w.org\/{rel}","templated":true}]}}