{"id":609,"date":"2024-06-04T23:59:31","date_gmt":"2024-06-04T23:59:31","guid":{"rendered":"https:\/\/hospitalpetdream.com.br\/site\/?page_id=609"},"modified":"2025-06-26T18:42:59","modified_gmt":"2025-06-26T18:42:59","slug":"pet-dream-resort-spa","status":"publish","type":"page","link":"https:\/\/hospitalpetdream.com.br\/site\/pet-dream-resort-spa\/","title":{"rendered":"Pet Dream Resort &amp; Spa"},"content":{"rendered":"\t\t<div data-elementor-type=\"wp-page\" data-elementor-id=\"609\" class=\"elementor elementor-609\" data-elementor-post-type=\"page\">\n\t\t\t\t\t\t<section class=\"elementor-section elementor-top-section elementor-element elementor-element-50f8c58 pbmit-col-stretched-none pbmit-bg-color-over-image elementor-section-boxed elementor-section-height-default elementor-section-height-default wpr-particle-no wpr-jarallax-no wpr-parallax-no wpr-sticky-section-no\" data-id=\"50f8c58\" data-element_type=\"section\">\n\t\t\t\t\t\t<div class=\"elementor-container elementor-column-gap-default\">\n\t\t\t\t\t<div class=\"elementor-column elementor-col-50 elementor-top-column elementor-element elementor-element-c36f6a5 pbmit-bg-color-over-image\" data-id=\"c36f6a5\" data-element_type=\"column\">\n\t\t\t<div class=\"elementor-widget-wrap elementor-element-populated\">\n\t\t\t\t\t\t<div class=\"elementor-element elementor-element-511504f pbmit-animation-none elementor-widget elementor-widget-image\" data-id=\"511504f\" data-element_type=\"widget\" data-widget_type=\"image.default\">\n\t\t\t\t<div class=\"elementor-widget-container\">\n\t\t\t<style>\/*! elementor - v3.22.0 - 26-06-2024 *\/\n.elementor-widget-image{text-align:center}.elementor-widget-image a{display:inline-block}.elementor-widget-image a img[src$=\".svg\"]{width:48px}.elementor-widget-image img{vertical-align:middle;display:inline-block}<\/style>\t\t\t\t\t\t\t\t\t\t<img fetchpriority=\"high\" decoding=\"async\" width=\"560\" height=\"380\" src=\"https:\/\/hospitalpetdream.com.br\/site\/wp-content\/uploads\/2024\/08\/BANNER-HOTEL-E-RESORT-1.jpg\" class=\"attachment-medium_large size-medium_large wp-image-1037\" alt=\"\" srcset=\"https:\/\/hospitalpetdream.com.br\/site\/wp-content\/uploads\/2024\/08\/BANNER-HOTEL-E-RESORT-1.jpg 560w, https:\/\/hospitalpetdream.com.br\/site\/wp-content\/uploads\/2024\/08\/BANNER-HOTEL-E-RESORT-1-300x204.jpg 300w\" sizes=\"(max-width: 560px) 100vw, 560px\" \/>\t\t\t\t\t\t\t\t\t\t\t\t\t<\/div>\n\t\t\t\t<\/div>\n\t\t\t\t\t<\/div>\n\t\t<\/div>\n\t\t\t\t<div class=\"elementor-column elementor-col-50 elementor-top-column elementor-element elementor-element-017da29 pbmit-bg-color-over-image\" data-id=\"017da29\" data-element_type=\"column\">\n\t\t\t<div class=\"elementor-widget-wrap elementor-element-populated\">\n\t\t\t\t\t\t<div class=\"elementor-element elementor-element-66eac20 elementor-widget elementor-widget-pbmit_multiple_icon_heading\" data-id=\"66eac20\" data-element_type=\"widget\" data-widget_type=\"pbmit_multiple_icon_heading.default\">\n\t\t\t\t<div class=\"elementor-widget-container\">\n\t\t\t\r\n\t\t<div class=\"pbminfotech-element\r\n\t\t\tpbminfotech-element-miconheading\t\t\tpbmit-element-miconheading-style-20\t\t\tpbmit-element-viewtype-row-column\t\t\tpbmit-element-column-one\t\t\tpbmit-element-sticky-carousel-false\t\t\tpbmit-element-caroursel-dot-false\t\t\tpbmit-infinite-scroll-no\t\t\tpbmit-infinite-scroll-button-no\t\t\t\t\t\t\t\t\t\t\t\t\"\r\n\r\n\t\t\tdata-cpt=\"miconheading\"\r\n\t\t\tdata-totalpagination=\"1\"\r\n\t\t\tdata-style=\"20\"\r\n\t\t\tdata-show=\"3\"\r\n\t\t\tdata-columns=\"1\"\r\n\t\t\tdata-loop=\"false\"\r\n\t\t\tdata-autoplay=\"false\"\r\n\t\t\tdata-center=\"false\"\r\n\t\t\tdata-nav=\"false\"\r\n\t\t\tdata-dots=\"false\"\r\n\t\t\tdata-reverse=\"false\"\r\n\t\t\tdata-speed=\"1000\"\r\n\t\t\tdata-delay=\"4000\"\r\n\t\t\tdata-margin=\"\"\r\n\t\t\tdata-show-portion=\"false\">\r\n\r\n\t\t\t<div class=\"pbmit-element-inner\">\r\n\t\t\r\n\r\n\t\t\r\n\t\t<div class=\"pbmit-ele-header-area\">\r\n\t\t\t\t<div class=\"pbmit-heading-subheading pbmit-reverse-heading-yes\"><h2 class=\"pbmit-element-title\">\r\n\t\t\t\r\n\t\t\t\t Pet Dream Resort &amp; Spa\r\n\t\t\t\r\n\t\t\t<\/h2>\r\n\t\t<div class=\"pbmit-heading-desc\">O Pet Dream Resort &amp; Spa \u00e9 um ref\u00fagio dedicado ao bem-estar, lazer, conforto e recupera\u00e7\u00e3o dos nossos amiguinhos pets. Aqui, cada um deles \u00e9 tratado com muito carinho, respeito e seguran\u00e7a, recebendo o mesmo amor que j\u00e1 conhecem em seus lares.<\/div><\/div>\t\t<\/div>\r\n\r\n\r\n\t\t<div class=\"pbmit-element-posts-wrapper row multi-columns-row\">\r\n\r\n\t\t\t<article class=\"pbmit-ele pbmit-ele-miconheading pbmit-miconheading-style-20 col-md-12   \">\r\n\t\t\t\t\t\t<div class=\"pbmit-ihbox pbmit-ihbox-style-20\">\r\n\t\t\t\t\t\t\t<div class=\"pbmit-ihbox-headingicon\">\r\n\t<div class=\"pbmit-ihbox-icon\"><div class=\"pbmit-ihbox-icon-wrapper pbmit-ihbox-icon-type-text\"><\/div><\/div>\t<div class=\"pbmit-ihbox-contents\">\r\n\t\t\t\t\t\t<h2 class=\"pbmit-element-title\">\r\n\t\t\t\t\t\t\t\t\r\n\t\t\t\t\t\t\t\t\t\n\r\n\t\t\t\t\t\t\t\t\r\n\t\t\t\t\t\t\t\t<\/h2>\r\n\t\t\t\t\t\t\t\t\t\t\t\t<\/div><!-- .pbmit-ihbox-contents -->\r\n<\/div> \t\r\n\t\t\t\t\t\t<\/div>\r\n\r\n\t\t\t\t\t<\/article>\r\n\t\t<\/div>\r\n\r\n\t\t\t\t\t<\/div><!-- .pbmit-element-inner -->\r\n\t\t<\/div><!-- .pbminfotech-element -->\r\n\r\n\t\t\t\t<\/div>\n\t\t\t\t<\/div>\n\t\t\t\t\t<\/div>\n\t\t<\/div>\n\t\t\t\t\t<\/div>\n\t\t<\/section>\n\t\t\t\t<section class=\"elementor-section elementor-top-section elementor-element elementor-element-40d5b02 pbmit-col-stretched-none pbmit-bg-color-over-image elementor-section-boxed elementor-section-height-default elementor-section-height-default wpr-particle-no wpr-jarallax-no wpr-parallax-no wpr-sticky-section-no\" data-id=\"40d5b02\" data-element_type=\"section\">\n\t\t\t\t\t\t<div class=\"elementor-container elementor-column-gap-default\">\n\t\t\t\t\t<div class=\"elementor-column elementor-col-100 elementor-top-column elementor-element elementor-element-f0334f2 pbmit-bg-color-over-image\" data-id=\"f0334f2\" data-element_type=\"column\">\n\t\t\t<div class=\"elementor-widget-wrap elementor-element-populated\">\n\t\t\t\t\t\t<div class=\"elementor-element elementor-element-10d19a9 elementor-widget elementor-widget-spacer\" data-id=\"10d19a9\" data-element_type=\"widget\" data-widget_type=\"spacer.default\">\n\t\t\t\t<div class=\"elementor-widget-container\">\n\t\t\t<style>\/*! elementor - v3.22.0 - 26-06-2024 *\/\n.elementor-column .elementor-spacer-inner{height:var(--spacer-size)}.e-con{--container-widget-width:100%}.e-con-inner>.elementor-widget-spacer,.e-con>.elementor-widget-spacer{width:var(--container-widget-width,var(--spacer-size));--align-self:var(--container-widget-align-self,initial);--flex-shrink:0}.e-con-inner>.elementor-widget-spacer>.elementor-widget-container,.e-con>.elementor-widget-spacer>.elementor-widget-container{height:100%;width:100%}.e-con-inner>.elementor-widget-spacer>.elementor-widget-container>.elementor-spacer,.e-con>.elementor-widget-spacer>.elementor-widget-container>.elementor-spacer{height:100%}.e-con-inner>.elementor-widget-spacer>.elementor-widget-container>.elementor-spacer>.elementor-spacer-inner,.e-con>.elementor-widget-spacer>.elementor-widget-container>.elementor-spacer>.elementor-spacer-inner{height:var(--container-widget-height,var(--spacer-size))}.e-con-inner>.elementor-widget-spacer.elementor-widget-empty,.e-con>.elementor-widget-spacer.elementor-widget-empty{position:relative;min-height:22px;min-width:22px}.e-con-inner>.elementor-widget-spacer.elementor-widget-empty .elementor-widget-empty-icon,.e-con>.elementor-widget-spacer.elementor-widget-empty .elementor-widget-empty-icon{position:absolute;top:0;bottom:0;left:0;right:0;margin:auto;padding:0;width:22px;height:22px}<\/style>\t\t<div class=\"elementor-spacer\">\n\t\t\t<div class=\"elementor-spacer-inner\"><\/div>\n\t\t<\/div>\n\t\t\t\t<\/div>\n\t\t\t\t<\/div>\n\t\t\t\t\t<\/div>\n\t\t<\/div>\n\t\t\t\t\t<\/div>\n\t\t<\/section>\n\t\t\t\t<section class=\"elementor-section elementor-top-section elementor-element elementor-element-de5eb3f pbmit-col-stretched-none pbmit-bg-color-over-image elementor-section-boxed elementor-section-height-default elementor-section-height-default wpr-particle-no wpr-jarallax-no wpr-parallax-no wpr-sticky-section-no\" data-id=\"de5eb3f\" data-element_type=\"section\">\n\t\t\t\t\t\t<div class=\"elementor-container elementor-column-gap-default\">\n\t\t\t\t\t<div class=\"elementor-column elementor-col-50 elementor-top-column elementor-element elementor-element-690f640 pbmit-bg-color-over-image\" data-id=\"690f640\" data-element_type=\"column\">\n\t\t\t<div class=\"elementor-widget-wrap elementor-element-populated\">\n\t\t\t\t\t\t<div class=\"elementor-element elementor-element-bc559c0 pbmit-animation-none elementor-widget elementor-widget-image\" data-id=\"bc559c0\" data-element_type=\"widget\" data-widget_type=\"image.default\">\n\t\t\t\t<div class=\"elementor-widget-container\">\n\t\t\t\t\t\t\t\t\t\t\t\t\t<img decoding=\"async\" width=\"768\" height=\"576\" src=\"https:\/\/hospitalpetdream.com.br\/site\/wp-content\/uploads\/2025\/04\/IMG_5986-768x576.jpg\" class=\"attachment-medium_large size-medium_large wp-image-1058\" alt=\"\" srcset=\"https:\/\/hospitalpetdream.com.br\/site\/wp-content\/uploads\/2025\/04\/IMG_5986-768x576.jpg 768w, https:\/\/hospitalpetdream.com.br\/site\/wp-content\/uploads\/2025\/04\/IMG_5986-300x225.jpg 300w, https:\/\/hospitalpetdream.com.br\/site\/wp-content\/uploads\/2025\/04\/IMG_5986-1024x768.jpg 1024w, https:\/\/hospitalpetdream.com.br\/site\/wp-content\/uploads\/2025\/04\/IMG_5986-1536x1152.jpg 1536w, https:\/\/hospitalpetdream.com.br\/site\/wp-content\/uploads\/2025\/04\/IMG_5986-2048x1536.jpg 2048w\" sizes=\"(max-width: 768px) 100vw, 768px\" \/>\t\t\t\t\t\t\t\t\t\t\t\t\t<\/div>\n\t\t\t\t<\/div>\n\t\t\t\t\t<\/div>\n\t\t<\/div>\n\t\t\t\t<div class=\"elementor-column elementor-col-50 elementor-top-column elementor-element elementor-element-956201c pbmit-bg-color-over-image\" data-id=\"956201c\" data-element_type=\"column\">\n\t\t\t<div class=\"elementor-widget-wrap elementor-element-populated\">\n\t\t\t\t\t\t<div class=\"elementor-element elementor-element-cef256b elementor-widget elementor-widget-heading\" data-id=\"cef256b\" data-element_type=\"widget\" data-widget_type=\"heading.default\">\n\t\t\t\t<div class=\"elementor-widget-container\">\n\t\t\t<style>\/*! elementor - v3.22.0 - 26-06-2024 *\/\n.elementor-heading-title{padding:0;margin:0;line-height:1}.elementor-widget-heading .elementor-heading-title[class*=elementor-size-]>a{color:inherit;font-size:inherit;line-height:inherit}.elementor-widget-heading .elementor-heading-title.elementor-size-small{font-size:15px}.elementor-widget-heading .elementor-heading-title.elementor-size-medium{font-size:19px}.elementor-widget-heading .elementor-heading-title.elementor-size-large{font-size:29px}.elementor-widget-heading .elementor-heading-title.elementor-size-xl{font-size:39px}.elementor-widget-heading .elementor-heading-title.elementor-size-xxl{font-size:59px}<\/style><h2 class=\"elementor-heading-title elementor-size-default\">Hospedagem Pet<\/h2>\t\t<\/div>\n\t\t\t\t<\/div>\n\t\t\t\t<div class=\"elementor-element elementor-element-3b403a9 elementor-widget elementor-widget-text-editor\" data-id=\"3b403a9\" data-element_type=\"widget\" data-widget_type=\"text-editor.default\">\n\t\t\t\t<div class=\"elementor-widget-container\">\n\t\t\t<style>\/*! elementor - v3.22.0 - 26-06-2024 *\/\n.elementor-widget-text-editor.elementor-drop-cap-view-stacked .elementor-drop-cap{background-color:#69727d;color:#fff}.elementor-widget-text-editor.elementor-drop-cap-view-framed .elementor-drop-cap{color:#69727d;border:3px solid;background-color:transparent}.elementor-widget-text-editor:not(.elementor-drop-cap-view-default) .elementor-drop-cap{margin-top:8px}.elementor-widget-text-editor:not(.elementor-drop-cap-view-default) .elementor-drop-cap-letter{width:1em;height:1em}.elementor-widget-text-editor .elementor-drop-cap{float:left;text-align:center;line-height:1;font-size:50px}.elementor-widget-text-editor .elementor-drop-cap-letter{display:inline-block}<\/style>\t\t\t\t<p>\u00a0<\/p><p>Oferecemos uma megaestrutura com conforto e seguran\u00e7a para voc\u00ea e seu pet. Aqui, seu amigo fica hospedado com supervis\u00e3o 24 horas por dia de uma equipe especialista na \u00e1rea. Contamos com \u00e1reas separadas para c\u00e3es de diferentes portes, al\u00e9m de um espa\u00e7o \u00fanico e diferenciado para filhotes e gatos.<br \/>Para admiss\u00e3o no hotel, todo pet precisa ser previamente cadastrado, estar sadio e com vacina\u00e7\u00e3o e vermifuga\u00e7\u00e3o em dia.<\/p>\t\t\t\t\t\t<\/div>\n\t\t\t\t<\/div>\n\t\t\t\t\t<\/div>\n\t\t<\/div>\n\t\t\t\t\t<\/div>\n\t\t<\/section>\n\t\t\t\t<section class=\"elementor-section elementor-top-section elementor-element elementor-element-00c2acf pbmit-col-stretched-none pbmit-bg-color-over-image elementor-section-boxed elementor-section-height-default elementor-section-height-default wpr-particle-no wpr-jarallax-no wpr-parallax-no wpr-sticky-section-no\" data-id=\"00c2acf\" data-element_type=\"section\">\n\t\t\t\t\t\t<div class=\"elementor-container elementor-column-gap-default\">\n\t\t\t\t\t<div class=\"elementor-column elementor-col-50 elementor-top-column elementor-element elementor-element-afcc374 pbmit-bg-color-over-image\" data-id=\"afcc374\" data-element_type=\"column\">\n\t\t\t<div class=\"elementor-widget-wrap elementor-element-populated\">\n\t\t\t\t\t\t<div class=\"elementor-element elementor-element-8441c17 pbmit-animation-none elementor-widget elementor-widget-image\" data-id=\"8441c17\" data-element_type=\"widget\" data-widget_type=\"image.default\">\n\t\t\t\t<div class=\"elementor-widget-container\">\n\t\t\t\t\t\t\t\t\t\t\t\t\t<img decoding=\"async\" width=\"768\" height=\"576\" src=\"https:\/\/hospitalpetdream.com.br\/site\/wp-content\/uploads\/2025\/04\/IMG_5991-768x576.jpg\" class=\"attachment-medium_large size-medium_large wp-image-1059\" alt=\"\" srcset=\"https:\/\/hospitalpetdream.com.br\/site\/wp-content\/uploads\/2025\/04\/IMG_5991-768x576.jpg 768w, https:\/\/hospitalpetdream.com.br\/site\/wp-content\/uploads\/2025\/04\/IMG_5991-300x225.jpg 300w, https:\/\/hospitalpetdream.com.br\/site\/wp-content\/uploads\/2025\/04\/IMG_5991-1024x768.jpg 1024w, https:\/\/hospitalpetdream.com.br\/site\/wp-content\/uploads\/2025\/04\/IMG_5991-1536x1152.jpg 1536w, https:\/\/hospitalpetdream.com.br\/site\/wp-content\/uploads\/2025\/04\/IMG_5991-2048x1536.jpg 2048w\" sizes=\"(max-width: 768px) 100vw, 768px\" \/>\t\t\t\t\t\t\t\t\t\t\t\t\t<\/div>\n\t\t\t\t<\/div>\n\t\t\t\t\t<\/div>\n\t\t<\/div>\n\t\t\t\t<div class=\"elementor-column elementor-col-50 elementor-top-column elementor-element elementor-element-40cd639 pbmit-bg-color-over-image\" data-id=\"40cd639\" data-element_type=\"column\">\n\t\t\t<div class=\"elementor-widget-wrap elementor-element-populated\">\n\t\t\t\t\t\t<div class=\"elementor-element elementor-element-92663a1 elementor-widget elementor-widget-heading\" data-id=\"92663a1\" data-element_type=\"widget\" data-widget_type=\"heading.default\">\n\t\t\t\t<div class=\"elementor-widget-container\">\n\t\t\t<h2 class=\"elementor-heading-title elementor-size-default\">Escolinha<\/h2>\t\t<\/div>\n\t\t\t\t<\/div>\n\t\t\t\t<div class=\"elementor-element elementor-element-d08ed02 elementor-widget elementor-widget-text-editor\" data-id=\"d08ed02\" data-element_type=\"widget\" data-widget_type=\"text-editor.default\">\n\t\t\t\t<div class=\"elementor-widget-container\">\n\t\t\t\t\t\t\t<p>\u00a0<\/p><p>Proporcionamos uma di\u00e1ria especial para seu pet brincar, correr, se alimentar e realizar atividades desenvolvidas para o seu enriquecimento ambiental, em um ambiente divertido, sempre acompanhado pelos melhores profissionais da \u00e1rea. Ao final do dia, voc\u00ea busca seu pet feliz por ter passado um tempo socializando com outros amiguinhos e com a equipe Pet Dream. Dispon\u00edvel de segunda a sexta-feira, com diferentes pacotes de acordo com a quantidade de dias.<\/p>\t\t\t\t\t\t<\/div>\n\t\t\t\t<\/div>\n\t\t\t\t\t<\/div>\n\t\t<\/div>\n\t\t\t\t\t<\/div>\n\t\t<\/section>\n\t\t\t\t<section class=\"elementor-section elementor-top-section elementor-element elementor-element-b0ff08c pbmit-col-stretched-none pbmit-bg-color-over-image elementor-section-boxed elementor-section-height-default elementor-section-height-default wpr-particle-no wpr-jarallax-no wpr-parallax-no wpr-sticky-section-no\" data-id=\"b0ff08c\" data-element_type=\"section\">\n\t\t\t\t\t\t<div class=\"elementor-container elementor-column-gap-default\">\n\t\t\t\t\t<div class=\"elementor-column elementor-col-100 elementor-top-column elementor-element elementor-element-605615c pbmit-bg-color-over-image\" data-id=\"605615c\" data-element_type=\"column\">\n\t\t\t<div class=\"elementor-widget-wrap\">\n\t\t\t\t\t\t\t<\/div>\n\t\t<\/div>\n\t\t\t\t\t<\/div>\n\t\t<\/section>\n\t\t\t\t<\/div>\n\t\t","protected":false},"excerpt":{"rendered":"<p>Pet Dream Resort &amp; Spa O Pet Dream Resort &amp; Spa \u00e9 um ref\u00fagio dedicado ao bem-estar, lazer, conforto e recupera\u00e7\u00e3o dos nossos amiguinhos pets. Aqui, cada um deles \u00e9 tratado com muito carinho, respeito e seguran\u00e7a, recebendo o mesmo amor que j\u00e1 conhecem em seus lares. Hospedagem Pet \u00a0 Oferecemos uma megaestrutura com conforto e seguran\u00e7a para voc\u00ea e seu pet. Aqui, seu amigo fica hospedado com supervis\u00e3o 24 horas por dia de uma equipe especialista na \u00e1rea. Contamos com \u00e1reas separadas para c\u00e3es de diferentes portes, al\u00e9m de um espa\u00e7o \u00fanico e diferenciado para filhotes e gatos.Para admiss\u00e3o no hotel, todo pet precisa ser previamente cadastrado, estar sadio e com vacina\u00e7\u00e3o e vermifuga\u00e7\u00e3o em dia. Escolinha \u00a0 Proporcionamos uma di\u00e1ria especial para seu pet brincar, correr, se alimentar e realizar atividades desenvolvidas para o seu enriquecimento ambiental, em um ambiente divertido, sempre acompanhado pelos melhores profissionais da \u00e1rea. Ao final do dia, voc\u00ea busca seu pet feliz por ter passado um tempo socializando com outros amiguinhos e com a equipe Pet Dream. Dispon\u00edvel de segunda a sexta-feira, com diferentes pacotes de acordo com a quantidade de dias.<\/p>\n","protected":false},"author":4,"featured_media":0,"parent":0,"menu_order":4,"comment_status":"closed","ping_status":"closed","template":"","meta":{"_acf_changed":false,"inline_featured_image":false,"footnotes":""},"class_list":["post-609","page","type-page","status-publish","hentry"],"acf":[],"_links":{"self":[{"href":"https:\/\/hospitalpetdream.com.br\/site\/wp-json\/wp\/v2\/pages\/609","targetHints":{"allow":["GET"]}}],"collection":[{"href":"https:\/\/hospitalpetdream.com.br\/site\/wp-json\/wp\/v2\/pages"}],"about":[{"href":"https:\/\/hospitalpetdream.com.br\/site\/wp-json\/wp\/v2\/types\/page"}],"author":[{"embeddable":true,"href":"https:\/\/hospitalpetdream.com.br\/site\/wp-json\/wp\/v2\/users\/4"}],"replies":[{"embeddable":true,"href":"https:\/\/hospitalpetdream.com.br\/site\/wp-json\/wp\/v2\/comments?post=609"}],"version-history":[{"count":73,"href":"https:\/\/hospitalpetdream.com.br\/site\/wp-json\/wp\/v2\/pages\/609\/revisions"}],"predecessor-version":[{"id":1609,"href":"https:\/\/hospitalpetdream.com.br\/site\/wp-json\/wp\/v2\/pages\/609\/revisions\/1609"}],"wp:attachment":[{"href":"https:\/\/hospitalpetdream.com.br\/site\/wp-json\/wp\/v2\/media?parent=609"}],"curies":[{"name":"wp","href":"https:\/\/api.w.org\/{rel}","templated":true}]}}