{"id":834,"date":"2024-07-09T22:30:37","date_gmt":"2024-07-09T22:30:37","guid":{"rendered":"https:\/\/hospitalpetdream.com.br\/site\/?page_id=834"},"modified":"2025-08-11T13:02:17","modified_gmt":"2025-08-11T13:02:17","slug":"servicos","status":"publish","type":"page","link":"https:\/\/hospitalpetdream.com.br\/site\/servicos\/","title":{"rendered":"Servi\u00e7os"},"content":{"rendered":"\t\t<div data-elementor-type=\"wp-page\" data-elementor-id=\"834\" class=\"elementor elementor-834\" data-elementor-post-type=\"page\">\n\t\t\t\t\t\t<section class=\"elementor-section elementor-top-section elementor-element elementor-element-99211ff elementor-section-full_width elementor-section-stretched pbmit-col-stretched-none pbmit-bg-color-over-image elementor-section-height-default elementor-section-height-default wpr-particle-no wpr-jarallax-no wpr-parallax-no wpr-sticky-section-no\" data-id=\"99211ff\" data-element_type=\"section\" data-settings=\"{&quot;stretch_section&quot;:&quot;section-stretched&quot;,&quot;background_background&quot;:&quot;classic&quot;}\">\n\t\t\t\t\t\t<div class=\"elementor-container elementor-column-gap-default\">\n\t\t\t\t\t<div class=\"elementor-column elementor-col-100 elementor-top-column elementor-element elementor-element-a555fa2 pbmit-bg-color-over-image\" data-id=\"a555fa2\" data-element_type=\"column\">\n\t\t\t<div class=\"elementor-widget-wrap elementor-element-populated\">\n\t\t\t\t\t\t<div class=\"elementor-element elementor-element-153c960e elementor-widget elementor-widget-pbmit_heading\" data-id=\"153c960e\" data-element_type=\"widget\" data-widget_type=\"pbmit_heading.default\">\n\t\t\t\t<div class=\"elementor-widget-container\">\n\t\t\t\t<div class=\"pbmit-heading-subheading pbmit-reverse-heading-yes\"><h4 class=\"pbmit-element-subtitle\"><span>\r\n\t\t\t<\/span>\r\n\t\t\t\r\n\t\t\t\t\n\r\n\t\t\t\r\n\t\t\t<\/h4>\r\n\t\t<h1 class=\"pbmit-element-title\">\r\n\t\t\t\r\n\t\t\t\tServi\u00e7os \r\n\t\t\t\r\n\t\t\t<\/h1>\r\n\t\t<\/div>\t\t<\/div>\n\t\t\t\t<\/div>\n\t\t\t\t\t<\/div>\n\t\t<\/div>\n\t\t\t\t\t<\/div>\n\t\t<\/section>\n\t\t\t\t<section class=\"elementor-section elementor-top-section elementor-element elementor-element-646a8210 pbmit-tab-style-1 elementor-section-stretched pbmit-col-stretched-none pbmit-bg-color-over-image elementor-section-boxed elementor-section-height-default elementor-section-height-default wpr-particle-no wpr-jarallax-no wpr-parallax-no wpr-sticky-section-no\" data-id=\"646a8210\" data-element_type=\"section\" data-settings=\"{&quot;stretch_section&quot;:&quot;section-stretched&quot;,&quot;background_background&quot;:&quot;classic&quot;}\">\n\t\t\t\t\t\t\t<div class=\"elementor-background-overlay\"><\/div>\n\t\t\t\t\t\t\t<div class=\"elementor-container elementor-column-gap-no\">\n\t\t\t\t\t<div class=\"elementor-column elementor-col-100 elementor-top-column elementor-element elementor-element-56efc239 pbmit-bg-color-over-image\" data-id=\"56efc239\" data-element_type=\"column\" data-settings=\"{&quot;background_background&quot;:&quot;classic&quot;}\">\n\t\t\t<div class=\"elementor-widget-wrap elementor-element-populated\">\n\t\t\t\t\t\t<div class=\"elementor-element elementor-element-6b265770 elementor-widget elementor-widget-pbmit_tabs_element\" data-id=\"6b265770\" data-element_type=\"widget\" data-widget_type=\"pbmit_tabs_element.default\">\n\t\t\t\t<div class=\"elementor-widget-container\">\n\t\t\t\r\n\t\t<div class=\"pbmit-tabs\">\r\n\t\t\t\t\t\t<ul class=\"pbmit-tabs-heading\">\r\n\t\t\t\t\t\t\t\t\t\t\t\t\t<li class=\"pbmit-tab-link pbmit-tab-li-active\" data-pbmit-tab=\"1\"><span>CL\u00cdNICA GERAL 24H<\/span><i class=\"pbmit-base-icon-black-arrow-1\"><\/i><\/li>\r\n\t\t\t\t\t\t\t\t\t\t\t\t\t<li class=\"pbmit-tab-link \" data-pbmit-tab=\"2\"><span>CIRURGIAS 24H<\/span><i class=\"pbmit-base-icon-black-arrow-1\"><\/i><\/li>\r\n\t\t\t\t\t\t\t\t\t\t\t\t\t<li class=\"pbmit-tab-link \" data-pbmit-tab=\"3\"><span>INTERNAMENTO 24H<\/span><i class=\"pbmit-base-icon-black-arrow-1\"><\/i><\/li>\r\n\t\t\t\t\t\t\t\t\t\t\t\t\t<li class=\"pbmit-tab-link \" data-pbmit-tab=\"4\"><span>UTI 24H<\/span><i class=\"pbmit-base-icon-black-arrow-1\"><\/i><\/li>\r\n\t\t\t\t\t\t\t\t\t\t\t\t\t<li class=\"pbmit-tab-link \" data-pbmit-tab=\"5\"><span>VACINA\u00c7\u00c3O<\/span><i class=\"pbmit-base-icon-black-arrow-1\"><\/i><\/li>\r\n\t\t\t\t\t\t\t\t\t\t\t\t\t<li class=\"pbmit-tab-link \" data-pbmit-tab=\"6\"><span>DIAGN\u00d3STICO POR IMAGEM<\/span><i class=\"pbmit-base-icon-black-arrow-1\"><\/i><\/li>\r\n\t\t\t\t\t\t\t\t\t\t\t\t\t<li class=\"pbmit-tab-link \" data-pbmit-tab=\"7\"><span>EXAMES LABORATORIAIS<\/span><i class=\"pbmit-base-icon-black-arrow-1\"><\/i><\/li>\r\n\t\t\t\t\t\t\t\t\t\t\t\t\t<li class=\"pbmit-tab-link \" data-pbmit-tab=\"8\"><span>HEMODI\u00c1LISE<\/span><i class=\"pbmit-base-icon-black-arrow-1\"><\/i><\/li>\r\n\t\t\t\t\t\t\t\t\t\t\t\t\t<li class=\"pbmit-tab-link \" data-pbmit-tab=\"9\"><span>MATERNIDADE<\/span><i class=\"pbmit-base-icon-black-arrow-1\"><\/i><\/li>\r\n\t\t\t\t\t\t\t\t\t\t\t\t\t<li class=\"pbmit-tab-link \" data-pbmit-tab=\"10\"><span>SERVI\u00c7OS DE EST\u00c9TICA ANIMAL<\/span><i class=\"pbmit-base-icon-black-arrow-1\"><\/i><\/li>\r\n\t\t\t\t\t\t\t<\/ul>\r\n\r\n\t\t\t<div class=\"pbmit-tab-content-wrapper\">\r\n\t\t\t\t\t\t\t\t\t\t\t\t\t\t<div class=\"pbmit-tab-content pbmit-tab-content-1 pbmit-tab-active\">\r\n\t\t\t\t\t\t<div class=\"pbmit-tab-content-title\" data-pbmit-tab=\"1\">CL\u00cdNICA GERAL 24H<i class=\"pbmit-base-icon-black-arrow-1\"><\/i><\/div>\r\n\t\t\t\t\t\t<div class=\"pbmit-tab-content-inner\">\r\n\t\t\t\t\t\t\t<div class=\"inner-content\"><div class=\"row g-0 tab-content-wrap\"><div class=\"col-xl-6 pbmit-tab-img\"><img decoding=\"async\" class=\"wp-image-17484 size-full\" src=\"https:\/\/hospitalpetdream.com.br\/site\/wp-content\/uploads\/2024\/07\/2147928401_n2.jpg\" alt=\"tab-img-1\" \/><\/div><div class=\"col-xl-6 pbmit-tab-list\"><h2>HOSPITAL VETERIN\u00c1RIO 24 HORAS<\/h2><p>Nas nossas unidades em Piedade, Boa Viagem e Casa Forte, estamos dedicados a oferecer uma ampla gama de servi\u00e7os veterin\u00e1rios, incluindo consultas de rotina, preven\u00e7\u00e3o, atendimento de urg\u00eancia, emerg\u00eancia e internamento durante todos os dias da semana.<\/p><\/div><\/div><\/div>\t\t\t\t\t\t<\/div>\r\n\t\t\t\t\t<\/div>\r\n\t\t\t\t\t\t\t\t\t\t\t\t\t\t<div class=\"pbmit-tab-content pbmit-tab-content-2 \">\r\n\t\t\t\t\t\t<div class=\"pbmit-tab-content-title\" data-pbmit-tab=\"2\">CIRURGIAS 24H<i class=\"pbmit-base-icon-black-arrow-1\"><\/i><\/div>\r\n\t\t\t\t\t\t<div class=\"pbmit-tab-content-inner\">\r\n\t\t\t\t\t\t\t<div class=\"inner-content\"><div class=\"row g-0 tab-content-wrap\"><div class=\"col-xl-6 pbmit-tab-img\"><img decoding=\"async\" class=\"wp-image-17484 size-full\" src=\"https:\/\/hospitalpetdream.com.br\/site\/wp-content\/uploads\/2023\/08\/Captura-de-tela-2024-05-29-214615_new.png\" alt=\"tab-img-1\" \/><\/div><div class=\"col-xl-6 pbmit-tab-list\"><h2>CIRURGIA VETERIN\u00c1RIA 24 HORAS<\/h2><p>Em nossas unidades em Piedade, Boa Viagem e Casa Forte, contamos com instala\u00e7\u00f5es cir\u00fargicas de \u00faltima gera\u00e7\u00e3o, onde uma equipe especializada de cirurgi\u00f5es e anestesistas est\u00e1 dispon\u00edvel 24 horas por dia para realizar tanto cirurgias eletivas (agendadas) quanto interven\u00e7\u00f5es emergenciais.<\/p><\/div><\/div><\/div>\t\t\t\t\t\t<\/div>\r\n\t\t\t\t\t<\/div>\r\n\t\t\t\t\t\t\t\t\t\t\t\t\t\t<div class=\"pbmit-tab-content pbmit-tab-content-3 \">\r\n\t\t\t\t\t\t<div class=\"pbmit-tab-content-title\" data-pbmit-tab=\"3\">INTERNAMENTO 24H<i class=\"pbmit-base-icon-black-arrow-1\"><\/i><\/div>\r\n\t\t\t\t\t\t<div class=\"pbmit-tab-content-inner\">\r\n\t\t\t\t\t\t\t<div class=\"inner-content\"><div class=\"row g-0 tab-content-wrap\"><div class=\"col-xl-6 pbmit-tab-img\"><img decoding=\"async\" class=\"wp-image-17484 size-full\" src=\"https:\/\/hospitalpetdream.com.br\/site\/wp-content\/uploads\/2024\/05\/Captura-de-tela-2024-05-29-214549.png\" alt=\"tab-img-1\" \/><\/div><div class=\"col-xl-6 pbmit-tab-list\"><h2>INTERNAMENTO VETERIN\u00c1RIO 24 HORAS<\/h2><p>Nossas unidades em Piedade, Boa Viagem e Casa Forte, possuem instala\u00e7\u00f5es de interna\u00e7\u00e3o completas, com equipes m\u00e9dicas e auxiliares dispon\u00edveis 24 horas por dia para cuidar de pacientes com diversos n\u00edveis de complexidade. Contamos com leitos separados para c\u00e3es e gatos, garantindo um ambiente adequado para recupera\u00e7\u00e3o.<\/p><\/div><\/div><\/div>\t\t\t\t\t\t<\/div>\r\n\t\t\t\t\t<\/div>\r\n\t\t\t\t\t\t\t\t\t\t\t\t\t\t<div class=\"pbmit-tab-content pbmit-tab-content-4 \">\r\n\t\t\t\t\t\t<div class=\"pbmit-tab-content-title\" data-pbmit-tab=\"4\">UTI 24H<i class=\"pbmit-base-icon-black-arrow-1\"><\/i><\/div>\r\n\t\t\t\t\t\t<div class=\"pbmit-tab-content-inner\">\r\n\t\t\t\t\t\t\t<div class=\"inner-content\"><div class=\"row g-0 tab-content-wrap\"><div class=\"col-xl-6 pbmit-tab-img\"><img decoding=\"async\" class=\"wp-image-17484 size-full\" src=\"https:\/\/hospitalpetdream.com.br\/site\/wp-content\/uploads\/2024\/07\/2149198637.jpg\" alt=\"tab-img-1\" \/><\/div><div class=\"col-xl-6 pbmit-tab-list\"><h2>UTI VETERIN\u00c1RIA 24 HORAS<\/h2><p>Nas unidades em Piedade, Boa Viagem e Casa Forte, oferecemos uma Unidade de Terapia Intensiva veterin\u00e1ria totalmente equipada para lidar com casos de alta complexidade. Dispomos de equipamentos avan\u00e7ados, incluindo ventila\u00e7\u00e3o mec\u00e2nica, para garantir o melhor cuidado poss\u00edvel para os pacientes mais cr\u00edticos.<\/p><\/div><\/div><\/div>\t\t\t\t\t\t<\/div>\r\n\t\t\t\t\t<\/div>\r\n\t\t\t\t\t\t\t\t\t\t\t\t\t\t<div class=\"pbmit-tab-content pbmit-tab-content-5 \">\r\n\t\t\t\t\t\t<div class=\"pbmit-tab-content-title\" data-pbmit-tab=\"5\">VACINA\u00c7\u00c3O<i class=\"pbmit-base-icon-black-arrow-1\"><\/i><\/div>\r\n\t\t\t\t\t\t<div class=\"pbmit-tab-content-inner\">\r\n\t\t\t\t\t\t\t<div class=\"inner-content\"><div class=\"row g-0 tab-content-wrap\"><div class=\"col-xl-6 pbmit-tab-img\"><img decoding=\"async\" class=\"wp-image-17484 size-full\" src=\"https:\/\/hospitalpetdream.com.br\/site\/wp-content\/uploads\/2024\/07\/2149198631_u2.jpg\" alt=\"tab-img-1\" \/><\/div><div class=\"col-xl-6 pbmit-tab-list\"><h2>VACINA\u00c7\u00c3O VETERIN\u00c1RIA<\/h2><p>Oferecemos servi\u00e7os de vacina\u00e7\u00e3o para c\u00e3es e gatos em todas as nossas quatro unidades, sem a necessidade de agendamento pr\u00e9vio. As vacinas s\u00e3o administradas por ordem de chegada, garantindo conveni\u00eancia e acesso r\u00e1pido para proteger a sa\u00fade dos seus animais de estima\u00e7\u00e3o.<\/p><\/div><\/div><\/div>\t\t\t\t\t\t<\/div>\r\n\t\t\t\t\t<\/div>\r\n\t\t\t\t\t\t\t\t\t\t\t\t\t\t<div class=\"pbmit-tab-content pbmit-tab-content-6 \">\r\n\t\t\t\t\t\t<div class=\"pbmit-tab-content-title\" data-pbmit-tab=\"6\">DIAGN\u00d3STICO POR IMAGEM<i class=\"pbmit-base-icon-black-arrow-1\"><\/i><\/div>\r\n\t\t\t\t\t\t<div class=\"pbmit-tab-content-inner\">\r\n\t\t\t\t\t\t\t<div class=\"inner-content\"><div class=\"row g-0 tab-content-wrap\"><div class=\"col-xl-6 pbmit-tab-img\"><img decoding=\"async\" class=\"wp-image-17484 size-full\" src=\"https:\/\/hospitalpetdream.com.br\/site\/wp-content\/uploads\/2024\/05\/Captura-de-tela-2024-05-29-214655.png\" alt=\"tab-img-1\" \/><\/div><div class=\"col-xl-6 pbmit-tab-list\"><h2>DIAGN\u00d3STICO POR IMAGEM VETERIN\u00c1RIO<\/h2><p>Em nossas unidades em Piedade, Boa Viagem e Casa Forte, contamos com um centro de diagn\u00f3stico por imagem de \u00faltima gera\u00e7\u00e3o, equipado com ultrassonografia e raio-X exclusivamente para uso do m\u00e9dico veterin\u00e1rio. Al\u00e9m disso, oferecemos exames cardiol\u00f3gicos, como eletrocardiograma e ecocardiograma, bem como aferi\u00e7\u00e3o de press\u00e3o arterial. Os exames est\u00e3o dispon\u00edveis de segunda a sexta-feira, das 08h \u00e0s 20h, ap\u00f3s as 20h (hor\u00e1rio de sobre aviso).<br \/>S\u00e1bado e domingo 08 \u00e0s 20h e em seguida, hor\u00e1rio de sobre aviso.<\/p><\/div><\/div><\/div>\t\t\t\t\t\t<\/div>\r\n\t\t\t\t\t<\/div>\r\n\t\t\t\t\t\t\t\t\t\t\t\t\t\t<div class=\"pbmit-tab-content pbmit-tab-content-7 \">\r\n\t\t\t\t\t\t<div class=\"pbmit-tab-content-title\" data-pbmit-tab=\"7\">EXAMES LABORATORIAIS<i class=\"pbmit-base-icon-black-arrow-1\"><\/i><\/div>\r\n\t\t\t\t\t\t<div class=\"pbmit-tab-content-inner\">\r\n\t\t\t\t\t\t\t<div class=\"inner-content\"><div class=\"row g-0 tab-content-wrap\"><div class=\"col-xl-6 pbmit-tab-img\"><img decoding=\"async\" class=\"wp-image-17484 size-full\" src=\"https:\/\/hospitalpetdream.com.br\/site\/wp-content\/uploads\/2024\/07\/2147928433.jpg\" alt=\"tab-img-1\" \/><\/div><div class=\"col-xl-6 pbmit-tab-list\"><h2>EXAMES LABORATORIAIS VETERIN\u00c1RIOS<\/h2><p>Contamos com um laborat\u00f3rio equipado com tecnologia de ponta para a realiza\u00e7\u00e3o de exames essenciais para o diagn\u00f3stico e tratamento de doen\u00e7as em animais. Nosso servi\u00e7o funciona de domingo a domingo, das 8h \u00e0s 20h, sem necessidade de agendamento pr\u00e9vio.<\/p><\/div><\/div><\/div>\t\t\t\t\t\t<\/div>\r\n\t\t\t\t\t<\/div>\r\n\t\t\t\t\t\t\t\t\t\t\t\t\t\t<div class=\"pbmit-tab-content pbmit-tab-content-8 \">\r\n\t\t\t\t\t\t<div class=\"pbmit-tab-content-title\" data-pbmit-tab=\"8\">HEMODI\u00c1LISE<i class=\"pbmit-base-icon-black-arrow-1\"><\/i><\/div>\r\n\t\t\t\t\t\t<div class=\"pbmit-tab-content-inner\">\r\n\t\t\t\t\t\t\t<div class=\"inner-content\"><div class=\"row g-0 tab-content-wrap\"><div class=\"col-xl-6 pbmit-tab-img\"><img decoding=\"async\" class=\"wp-image-17484 size-full\" src=\"https:\/\/hospitalpetdream.com.br\/site\/wp-content\/uploads\/2024\/07\/veterinarian-taking-care-pet-dog_23-2149198635_m.jpg\" alt=\"tab-img-1\" \/><\/div><div class=\"col-xl-6 pbmit-tab-list\"><h2>HEMODI\u00c1LISE VETERIN\u00c1RIA<\/h2><p>Dispomos de uma estrutura dedicada para sess\u00f5es de hemodi\u00e1lise em pacientes com necessidades renais espec\u00edficas. Contamos com a presen\u00e7a de um m\u00e9dico veterin\u00e1rio especializado em nefrologia e um auxiliar veterin\u00e1rio para garantir o melhor cuidado durante o procedimento.<\/p><\/div><\/div><\/div>\t\t\t\t\t\t<\/div>\r\n\t\t\t\t\t<\/div>\r\n\t\t\t\t\t\t\t\t\t\t\t\t\t\t<div class=\"pbmit-tab-content pbmit-tab-content-9 \">\r\n\t\t\t\t\t\t<div class=\"pbmit-tab-content-title\" data-pbmit-tab=\"9\">MATERNIDADE<i class=\"pbmit-base-icon-black-arrow-1\"><\/i><\/div>\r\n\t\t\t\t\t\t<div class=\"pbmit-tab-content-inner\">\r\n\t\t\t\t\t\t\t<div class=\"inner-content\"><div class=\"row g-0 tab-content-wrap\"><div class=\"col-xl-6 pbmit-tab-img\"><img decoding=\"async\" class=\"wp-image-17484 size-full\" src=\"https:\/\/hospitalpetdream.com.br\/site\/wp-content\/uploads\/2024\/07\/2147928402_m.jpg\" alt=\"tab-img-1\" \/><\/div><div class=\"col-xl-6 pbmit-tab-list\"><h2>MATERNIDADE VETERIN\u00c1RIA<\/h2><p>Para garantir o melhor come\u00e7o de vida para os filhotes, oferecemos incubadoras especialmente projetadas para fornecer o ambiente ideal de temperatura, umidade, ilumina\u00e7\u00e3o e oxig\u00eanio. Essas instala\u00e7\u00f5es est\u00e3o dispon\u00edveis para garantir o conforto e bem-estar dos rec\u00e9m-nascidos.<\/p><\/div><\/div><\/div>\t\t\t\t\t\t<\/div>\r\n\t\t\t\t\t<\/div>\r\n\t\t\t\t\t\t\t\t\t\t\t\t\t\t<div class=\"pbmit-tab-content pbmit-tab-content-10 \">\r\n\t\t\t\t\t\t<div class=\"pbmit-tab-content-title\" data-pbmit-tab=\"10\">SERVI\u00c7OS DE EST\u00c9TICA ANIMAL<i class=\"pbmit-base-icon-black-arrow-1\"><\/i><\/div>\r\n\t\t\t\t\t\t<div class=\"pbmit-tab-content-inner\">\r\n\t\t\t\t\t\t\t<div class=\"inner-content\"><div class=\"row g-0 tab-content-wrap\"><div class=\"col-xl-6 pbmit-tab-img\"><img decoding=\"async\" class=\"wp-image-17484 size-full\" src=\"https:\/\/hospitalpetdream.com.br\/site\/wp-content\/uploads\/2024\/07\/2147928402_m.jpg\" alt=\"tab-img-1\" \/><\/div><div class=\"col-xl-6 pbmit-tab-list\"><h2>SERVI\u00c7OS DE EST\u00c9TICA ANIMAL<\/h2><p>Nas nossas unidades de Piedade, Set\u00fabal e Casa Forte, oferecemos servi\u00e7os de est\u00e9tica animal, incluindo banho e tosa para c\u00e3es e gatos. Al\u00e9m disso, temos um sal\u00e3o pet dedicado para filhotes. Com uma equipe altamente qualificada e reconhecida pela qualidade dos servi\u00e7os prestados, garantimos cuidados especiais para a beleza e higiene dos seus animais de estima\u00e7\u00e3o.<\/p><\/div><\/div><\/div>\t\t\t\t\t\t<\/div>\r\n\t\t\t\t\t<\/div>\r\n\t\t\t\t\t\t\t<\/div>\r\n\r\n\t\t\t\t\t<\/div>\r\n\r\n\t\t\t\t<\/div>\n\t\t\t\t<\/div>\n\t\t\t\t\t<\/div>\n\t\t<\/div>\n\t\t\t\t\t<\/div>\n\t\t<\/section>\n\t\t\t\t<\/div>\n\t\t","protected":false},"excerpt":{"rendered":"<p>Servi\u00e7os CL\u00cdNICA GERAL 24H CIRURGIAS 24H INTERNAMENTO 24H UTI 24H VACINA\u00c7\u00c3O DIAGN\u00d3STICO POR IMAGEM EXAMES LABORATORIAIS HEMODI\u00c1LISE MATERNIDADE SERVI\u00c7OS DE EST\u00c9TICA ANIMAL CL\u00cdNICA GERAL 24H HOSPITAL VETERIN\u00c1RIO 24 HORAS Nas nossas unidades em Piedade, Boa Viagem e Casa Forte, estamos dedicados a oferecer uma ampla gama de servi\u00e7os veterin\u00e1rios, incluindo consultas de rotina, preven\u00e7\u00e3o, atendimento de urg\u00eancia, emerg\u00eancia e internamento durante todos os dias da semana. CIRURGIAS 24H CIRURGIA VETERIN\u00c1RIA 24 HORAS Em nossas unidades em Piedade, Boa Viagem e Casa Forte, contamos com instala\u00e7\u00f5es cir\u00fargicas de \u00faltima gera\u00e7\u00e3o, onde uma equipe especializada de cirurgi\u00f5es e anestesistas est\u00e1 dispon\u00edvel 24 horas por dia para realizar tanto cirurgias eletivas (agendadas) quanto interven\u00e7\u00f5es emergenciais. INTERNAMENTO 24H INTERNAMENTO VETERIN\u00c1RIO 24 HORAS Nossas unidades em Piedade, Boa Viagem e Casa Forte, possuem instala\u00e7\u00f5es de interna\u00e7\u00e3o completas, com equipes m\u00e9dicas e auxiliares dispon\u00edveis 24 horas por dia para cuidar de pacientes com diversos n\u00edveis de complexidade. Contamos com leitos separados para c\u00e3es e gatos, garantindo um ambiente adequado para recupera\u00e7\u00e3o. UTI 24H UTI VETERIN\u00c1RIA 24 HORAS Nas unidades em Piedade, Boa Viagem e Casa Forte, oferecemos uma Unidade de Terapia Intensiva veterin\u00e1ria totalmente equipada para lidar com casos de alta complexidade. Dispomos de equipamentos avan\u00e7ados, incluindo ventila\u00e7\u00e3o mec\u00e2nica, para garantir o melhor cuidado poss\u00edvel para os pacientes mais cr\u00edticos. VACINA\u00c7\u00c3O VACINA\u00c7\u00c3O VETERIN\u00c1RIA Oferecemos servi\u00e7os de vacina\u00e7\u00e3o para c\u00e3es e gatos em todas as nossas quatro unidades, sem a necessidade de agendamento pr\u00e9vio. As vacinas s\u00e3o administradas por ordem de chegada, garantindo conveni\u00eancia e acesso r\u00e1pido para proteger a sa\u00fade dos seus animais de estima\u00e7\u00e3o. DIAGN\u00d3STICO POR IMAGEM DIAGN\u00d3STICO POR IMAGEM VETERIN\u00c1RIO Em nossas unidades em Piedade, Boa Viagem e Casa Forte, contamos com um centro de diagn\u00f3stico por imagem de \u00faltima gera\u00e7\u00e3o, equipado com ultrassonografia e raio-X exclusivamente para uso do m\u00e9dico veterin\u00e1rio. Al\u00e9m disso, oferecemos exames cardiol\u00f3gicos, como eletrocardiograma e ecocardiograma, bem como aferi\u00e7\u00e3o de press\u00e3o arterial. Os exames est\u00e3o dispon\u00edveis de segunda a sexta-feira, das 08h \u00e0s 20h, ap\u00f3s as 20h (hor\u00e1rio de sobre aviso).S\u00e1bado e domingo 08 \u00e0s 20h e em seguida, hor\u00e1rio de sobre aviso. EXAMES LABORATORIAIS EXAMES LABORATORIAIS VETERIN\u00c1RIOS Contamos com um laborat\u00f3rio equipado com tecnologia de ponta para a realiza\u00e7\u00e3o de exames essenciais para o diagn\u00f3stico e tratamento de doen\u00e7as em animais. Nosso servi\u00e7o funciona de domingo a domingo, das 8h \u00e0s 20h, sem necessidade de agendamento pr\u00e9vio. HEMODI\u00c1LISE HEMODI\u00c1LISE VETERIN\u00c1RIA Dispomos de uma estrutura dedicada para sess\u00f5es de hemodi\u00e1lise em pacientes com necessidades renais espec\u00edficas. Contamos com a presen\u00e7a de um m\u00e9dico veterin\u00e1rio especializado em nefrologia e um auxiliar veterin\u00e1rio para garantir o melhor cuidado durante o procedimento. MATERNIDADE MATERNIDADE VETERIN\u00c1RIA Para garantir o melhor come\u00e7o de vida para os filhotes, oferecemos incubadoras especialmente projetadas para fornecer o ambiente ideal de temperatura, umidade, ilumina\u00e7\u00e3o e oxig\u00eanio. Essas instala\u00e7\u00f5es est\u00e3o dispon\u00edveis para garantir o conforto e bem-estar dos rec\u00e9m-nascidos. SERVI\u00c7OS DE EST\u00c9TICA ANIMAL SERVI\u00c7OS DE EST\u00c9TICA ANIMAL Nas nossas unidades de Piedade, Set\u00fabal e Casa Forte, oferecemos servi\u00e7os de est\u00e9tica animal, incluindo banho e tosa para c\u00e3es e gatos. Al\u00e9m disso, temos um sal\u00e3o pet dedicado para filhotes. Com uma equipe altamente qualificada e reconhecida pela qualidade dos servi\u00e7os prestados, garantimos cuidados especiais para a beleza e higiene dos seus animais de estima\u00e7\u00e3o.<\/p>\n","protected":false},"author":4,"featured_media":813,"parent":0,"menu_order":0,"comment_status":"closed","ping_status":"closed","template":"","meta":{"_acf_changed":false,"inline_featured_image":false,"footnotes":""},"class_list":["post-834","page","type-page","status-publish","has-post-thumbnail","hentry"],"acf":[],"_links":{"self":[{"href":"https:\/\/hospitalpetdream.com.br\/site\/wp-json\/wp\/v2\/pages\/834","targetHints":{"allow":["GET"]}}],"collection":[{"href":"https:\/\/hospitalpetdream.com.br\/site\/wp-json\/wp\/v2\/pages"}],"about":[{"href":"https:\/\/hospitalpetdream.com.br\/site\/wp-json\/wp\/v2\/types\/page"}],"author":[{"embeddable":true,"href":"https:\/\/hospitalpetdream.com.br\/site\/wp-json\/wp\/v2\/users\/4"}],"replies":[{"embeddable":true,"href":"https:\/\/hospitalpetdream.com.br\/site\/wp-json\/wp\/v2\/comments?post=834"}],"version-history":[{"count":110,"href":"https:\/\/hospitalpetdream.com.br\/site\/wp-json\/wp\/v2\/pages\/834\/revisions"}],"predecessor-version":[{"id":2323,"href":"https:\/\/hospitalpetdream.com.br\/site\/wp-json\/wp\/v2\/pages\/834\/revisions\/2323"}],"wp:featuredmedia":[{"embeddable":true,"href":"https:\/\/hospitalpetdream.com.br\/site\/wp-json\/wp\/v2\/media\/813"}],"wp:attachment":[{"href":"https:\/\/hospitalpetdream.com.br\/site\/wp-json\/wp\/v2\/media?parent=834"}],"curies":[{"name":"wp","href":"https:\/\/api.w.org\/{rel}","templated":true}]}}