{"id":89,"date":"2023-09-27T03:45:07","date_gmt":"2023-09-27T03:45:07","guid":{"rendered":"http:\/\/xcare-demo.pbminfotech.com\/demo1\/?page_id=4586"},"modified":"2025-09-02T14:22:35","modified_gmt":"2025-09-02T14:22:35","slug":"blog","status":"publish","type":"page","link":"https:\/\/hospitalpetdream.com.br\/site\/blog\/","title":{"rendered":"Blog"},"content":{"rendered":"\t\t<div data-elementor-type=\"wp-page\" data-elementor-id=\"89\" class=\"elementor elementor-89\" data-elementor-post-type=\"page\">\n\t\t\t\t\t\t<section class=\"elementor-section elementor-top-section elementor-element elementor-element-f1acbf3 pbmit-col-stretched-none pbmit-bg-color-over-image elementor-section-boxed elementor-section-height-default elementor-section-height-default wpr-particle-no wpr-jarallax-no wpr-parallax-no wpr-sticky-section-no\" data-id=\"f1acbf3\" data-element_type=\"section\">\n\t\t\t\t\t\t<div class=\"elementor-container elementor-column-gap-default\">\n\t\t\t\t\t<div class=\"elementor-column elementor-col-100 elementor-top-column elementor-element elementor-element-f54a668 pbmit-bg-color-over-image\" data-id=\"f54a668\" data-element_type=\"column\">\n\t\t\t<div class=\"elementor-widget-wrap elementor-element-populated\">\n\t\t\t\t\t\t<div class=\"elementor-element elementor-element-710e0dd elementor-widget elementor-widget-heading\" data-id=\"710e0dd\" data-element_type=\"widget\" data-widget_type=\"heading.default\">\n\t\t\t\t<div class=\"elementor-widget-container\">\n\t\t\t<style>\/*! elementor - v3.22.0 - 26-06-2024 *\/\n.elementor-heading-title{padding:0;margin:0;line-height:1}.elementor-widget-heading .elementor-heading-title[class*=elementor-size-]>a{color:inherit;font-size:inherit;line-height:inherit}.elementor-widget-heading .elementor-heading-title.elementor-size-small{font-size:15px}.elementor-widget-heading .elementor-heading-title.elementor-size-medium{font-size:19px}.elementor-widget-heading .elementor-heading-title.elementor-size-large{font-size:29px}.elementor-widget-heading .elementor-heading-title.elementor-size-xl{font-size:39px}.elementor-widget-heading .elementor-heading-title.elementor-size-xxl{font-size:59px}<\/style><h2 class=\"elementor-heading-title elementor-size-default\">Blog<\/h2>\t\t<\/div>\n\t\t\t\t<\/div>\n\t\t\t\t\t<\/div>\n\t\t<\/div>\n\t\t\t\t\t<\/div>\n\t\t<\/section>\n\t\t\t\t<section class=\"elementor-section elementor-top-section elementor-element elementor-element-69e06f6 pbmit-col-stretched-none pbmit-bg-color-over-image elementor-section-boxed elementor-section-height-default elementor-section-height-default wpr-particle-no wpr-jarallax-no wpr-parallax-no wpr-sticky-section-no\" data-id=\"69e06f6\" data-element_type=\"section\">\n\t\t\t\t\t\t<div class=\"elementor-container elementor-column-gap-default\">\n\t\t\t\t\t<div class=\"elementor-column elementor-col-100 elementor-top-column elementor-element elementor-element-64cf1a4 pbmit-bg-color-over-image\" data-id=\"64cf1a4\" data-element_type=\"column\">\n\t\t\t<div class=\"elementor-widget-wrap elementor-element-populated\">\n\t\t\t\t\t\t<div class=\"elementor-element elementor-element-99f9b3e elementor-grid-eael-col-4 elementor-grid-tablet-eael-col-2 elementor-grid-mobile-eael-col-1 elementor-widget elementor-widget-eael-post-grid\" data-id=\"99f9b3e\" data-element_type=\"widget\" data-settings=\"{&quot;eael_post_grid_columns&quot;:&quot;eael-col-4&quot;,&quot;eael_post_grid_columns_tablet&quot;:&quot;eael-col-2&quot;,&quot;eael_post_grid_columns_mobile&quot;:&quot;eael-col-1&quot;}\" data-widget_type=\"eael-post-grid.default\">\n\t\t\t\t<div class=\"elementor-widget-container\">\n\t\t\t<div id=\"eael-post-grid-99f9b3e\" class=\"eael-post-grid-container\">\n            <div class=\"eael-post-grid eael-post-appender eael-post-appender-99f9b3e eael-post-grid-style-two\" data-layout-mode=\"masonry\"><article class=\"eael-grid-post eael-post-grid-column\" data-id=\"345\">\n        <div class=\"eael-grid-post-holder\">\n            <div class=\"eael-grid-post-holder-inner\"><div class=\"eael-entry-media\"><div class=\"eael-entry-overlay fade-in\"><i class=\"fas fa-long-arrow-alt-right\" aria-hidden=\"true\"><\/i><a href=\"https:\/\/hospitalpetdream.com.br\/site\/2024\/05\/29\/transtornos-psicologicos-nos-pets-sera-que-existe\/\"><\/a><\/div><div class=\"eael-entry-thumbnail \">\n                                <img fetchpriority=\"high\" decoding=\"async\" width=\"300\" height=\"268\" src=\"https:\/\/hospitalpetdream.com.br\/site\/wp-content\/uploads\/2024\/05\/pet-dream-300x268-1.png\" class=\"attachment-medium size-medium wp-image-346\" alt=\"\" \/>\n                              <\/div>\n                      <\/div><div class=\"eael-entry-wrapper\"><header class=\"eael-entry-header\"><h2 class=\"eael-entry-title\"><a\n                                    class=\"eael-grid-post-link\"\n                                    href=\"https:\/\/hospitalpetdream.com.br\/site\/2024\/05\/29\/transtornos-psicologicos-nos-pets-sera-que-existe\/\"\n                                    title=\"Transtornos psicol\u00f3gicos nos pets, ser\u00e1 que existe?\">Transtornos psicol\u00f3gicos nos pets, ser\u00e1 que existe?<\/a><\/h2><\/header><div class=\"eael-entry-content\">\n                                    <div class=\"eael-grid-post-excerpt\"><p>Dra. Carolina Lemos Quem pensa que os pets est\u00e3o a...<\/p><a\n                                        href=\"https:\/\/hospitalpetdream.com.br\/site\/2024\/05\/29\/transtornos-psicologicos-nos-pets-sera-que-existe\/\"\n                                        class=\"eael-post-elements-readmore-btn\">Leia mais<\/a><\/div>\n                                <\/div><div class=\"eael-entry-header-after style-two\"><div class=\"eael-entry-meta\"><span class=\"eael-meta-posted-on\"><i class=\"far fa-clock\"><\/i><time datetime=\"maio 29, 2024\">maio 29, 2024<\/time><\/span><\/div><\/div><\/div><\/div>\n        <\/div>\n    <\/article><article class=\"eael-grid-post eael-post-grid-column\" data-id=\"338\">\n        <div class=\"eael-grid-post-holder\">\n            <div class=\"eael-grid-post-holder-inner\"><div class=\"eael-entry-media\"><div class=\"eael-entry-overlay fade-in\"><i class=\"fas fa-long-arrow-alt-right\" aria-hidden=\"true\"><\/i><a href=\"https:\/\/hospitalpetdream.com.br\/site\/2024\/05\/29\/a-neurologia-veterinaria-no-tratamento-de-crises-epileticas-dos-pets\/\"><\/a><\/div><div class=\"eael-entry-thumbnail \">\n                                <img decoding=\"async\" width=\"300\" height=\"225\" src=\"https:\/\/hospitalpetdream.com.br\/site\/wp-content\/uploads\/2024\/05\/IMG_6054-300x225.jpg\" class=\"attachment-medium size-medium wp-image-1180\" alt=\"\" srcset=\"https:\/\/hospitalpetdream.com.br\/site\/wp-content\/uploads\/2024\/05\/IMG_6054-300x225.jpg 300w, https:\/\/hospitalpetdream.com.br\/site\/wp-content\/uploads\/2024\/05\/IMG_6054-1024x768.jpg 1024w, https:\/\/hospitalpetdream.com.br\/site\/wp-content\/uploads\/2024\/05\/IMG_6054-768x576.jpg 768w, https:\/\/hospitalpetdream.com.br\/site\/wp-content\/uploads\/2024\/05\/IMG_6054-1536x1152.jpg 1536w, https:\/\/hospitalpetdream.com.br\/site\/wp-content\/uploads\/2024\/05\/IMG_6054-2048x1536.jpg 2048w\" sizes=\"(max-width: 300px) 100vw, 300px\" \/>\n                              <\/div>\n                      <\/div><div class=\"eael-entry-wrapper\"><header class=\"eael-entry-header\"><h2 class=\"eael-entry-title\"><a\n                                    class=\"eael-grid-post-link\"\n                                    href=\"https:\/\/hospitalpetdream.com.br\/site\/2024\/05\/29\/a-neurologia-veterinaria-no-tratamento-de-crises-epileticas-dos-pets\/\"\n                                    title=\"Novidades do Hospital: Servi\u00e7os e Tecnologias da Pet Dream\">Novidades do Hospital: Servi\u00e7os e Tecnologias da Pet Dream<\/a><\/h2><\/header><div class=\"eael-entry-content\">\n                                    <div class=\"eael-grid-post-excerpt\"><p>A Pet Dream est\u00e1 sempre em busca de oferecer o...<\/p><a\n                                        href=\"https:\/\/hospitalpetdream.com.br\/site\/2024\/05\/29\/a-neurologia-veterinaria-no-tratamento-de-crises-epileticas-dos-pets\/\"\n                                        class=\"eael-post-elements-readmore-btn\">Leia mais<\/a><\/div>\n                                <\/div><div class=\"eael-entry-header-after style-two\"><div class=\"eael-entry-meta\"><span class=\"eael-meta-posted-on\"><i class=\"far fa-clock\"><\/i><time datetime=\"maio 29, 2024\">maio 29, 2024<\/time><\/span><\/div><\/div><\/div><\/div>\n        <\/div>\n    <\/article><article class=\"eael-grid-post eael-post-grid-column\" data-id=\"336\">\n        <div class=\"eael-grid-post-holder\">\n            <div class=\"eael-grid-post-holder-inner\"><div class=\"eael-entry-media\"><div class=\"eael-entry-overlay fade-in\"><i class=\"fas fa-long-arrow-alt-right\" aria-hidden=\"true\"><\/i><a href=\"https:\/\/hospitalpetdream.com.br\/site\/2024\/05\/29\/como-os-cachorros-enxergam-cores\/\"><\/a><\/div><div class=\"eael-entry-thumbnail \">\n                                <img decoding=\"async\" width=\"300\" height=\"200\" src=\"https:\/\/hospitalpetdream.com.br\/site\/wp-content\/uploads\/2024\/05\/side-view-owner-holding-chihuahua-dog-300x200.jpg\" class=\"attachment-medium size-medium wp-image-1173\" alt=\"\" srcset=\"https:\/\/hospitalpetdream.com.br\/site\/wp-content\/uploads\/2024\/05\/side-view-owner-holding-chihuahua-dog-300x200.jpg 300w, https:\/\/hospitalpetdream.com.br\/site\/wp-content\/uploads\/2024\/05\/side-view-owner-holding-chihuahua-dog-1024x683.jpg 1024w, https:\/\/hospitalpetdream.com.br\/site\/wp-content\/uploads\/2024\/05\/side-view-owner-holding-chihuahua-dog-768x512.jpg 768w, https:\/\/hospitalpetdream.com.br\/site\/wp-content\/uploads\/2024\/05\/side-view-owner-holding-chihuahua-dog-1536x1024.jpg 1536w, https:\/\/hospitalpetdream.com.br\/site\/wp-content\/uploads\/2024\/05\/side-view-owner-holding-chihuahua-dog-2048x1365.jpg 2048w\" sizes=\"(max-width: 300px) 100vw, 300px\" \/>\n                              <\/div>\n                      <\/div><div class=\"eael-entry-wrapper\"><header class=\"eael-entry-header\"><h2 class=\"eael-entry-title\"><a\n                                    class=\"eael-grid-post-link\"\n                                    href=\"https:\/\/hospitalpetdream.com.br\/site\/2024\/05\/29\/como-os-cachorros-enxergam-cores\/\"\n                                    title=\"Como Identificar e Tratar Problemas Comuns de Pele em C\u00e3es e Gatos\">Como Identificar e Tratar Problemas Comuns de Pele em C\u00e3es e Gatos<\/a><\/h2><\/header><div class=\"eael-entry-content\">\n                                    <div class=\"eael-grid-post-excerpt\"><p>A sa\u00fade da pele dos nossos pets \u00e9 um reflexo...<\/p><a\n                                        href=\"https:\/\/hospitalpetdream.com.br\/site\/2024\/05\/29\/como-os-cachorros-enxergam-cores\/\"\n                                        class=\"eael-post-elements-readmore-btn\">Leia mais<\/a><\/div>\n                                <\/div><div class=\"eael-entry-header-after style-two\"><div class=\"eael-entry-meta\"><span class=\"eael-meta-posted-on\"><i class=\"far fa-clock\"><\/i><time datetime=\"maio 29, 2024\">maio 29, 2024<\/time><\/span><\/div><\/div><\/div><\/div>\n        <\/div>\n    <\/article><\/div>\n            <div class=\"clearfix\"><\/div>\n        <\/div>\t\t<\/div>\n\t\t\t\t<\/div>\n\t\t\t\t\t<\/div>\n\t\t<\/div>\n\t\t\t\t\t<\/div>\n\t\t<\/section>\n\t\t\t\t<\/div>\n\t\t","protected":false},"excerpt":{"rendered":"<p>Blog Transtornos psicol\u00f3gicos nos pets, ser\u00e1 que existe? Dra. Carolina Lemos Quem pensa que os pets est\u00e3o a&#8230; Leia mais maio 29, 2024 Novidades do Hospital: Servi\u00e7os e Tecnologias da Pet Dream A Pet Dream est\u00e1 sempre em busca de oferecer o&#8230; Leia mais maio 29, 2024 Como Identificar e Tratar Problemas Comuns de Pele em C\u00e3es e Gatos A sa\u00fade da pele dos nossos pets \u00e9 um reflexo&#8230; Leia mais maio 29, 2024<\/p>\n","protected":false},"author":4,"featured_media":0,"parent":0,"menu_order":10,"comment_status":"closed","ping_status":"closed","template":"","meta":{"_acf_changed":false,"inline_featured_image":false,"footnotes":""},"class_list":["post-89","page","type-page","status-publish","hentry"],"acf":[],"_links":{"self":[{"href":"https:\/\/hospitalpetdream.com.br\/site\/wp-json\/wp\/v2\/pages\/89","targetHints":{"allow":["GET"]}}],"collection":[{"href":"https:\/\/hospitalpetdream.com.br\/site\/wp-json\/wp\/v2\/pages"}],"about":[{"href":"https:\/\/hospitalpetdream.com.br\/site\/wp-json\/wp\/v2\/types\/page"}],"author":[{"embeddable":true,"href":"https:\/\/hospitalpetdream.com.br\/site\/wp-json\/wp\/v2\/users\/4"}],"replies":[{"embeddable":true,"href":"https:\/\/hospitalpetdream.com.br\/site\/wp-json\/wp\/v2\/comments?post=89"}],"version-history":[{"count":7,"href":"https:\/\/hospitalpetdream.com.br\/site\/wp-json\/wp\/v2\/pages\/89\/revisions"}],"predecessor-version":[{"id":2227,"href":"https:\/\/hospitalpetdream.com.br\/site\/wp-json\/wp\/v2\/pages\/89\/revisions\/2227"}],"wp:attachment":[{"href":"https:\/\/hospitalpetdream.com.br\/site\/wp-json\/wp\/v2\/media?parent=89"}],"curies":[{"name":"wp","href":"https:\/\/api.w.org\/{rel}","templated":true}]}}