{"id":90,"date":"2023-09-26T11:44:36","date_gmt":"2023-09-26T11:44:36","guid":{"rendered":"http:\/\/xcare-demo.pbminfotech.com\/demo1\/?page_id=4511"},"modified":"2025-09-02T15:00:00","modified_gmt":"2025-09-02T15:00:00","slug":"our-team-member","status":"publish","type":"page","link":"https:\/\/hospitalpetdream.com.br\/site\/our-team-member\/","title":{"rendered":"Nossos Membros de Equipe"},"content":{"rendered":"\t\t<div data-elementor-type=\"wp-page\" data-elementor-id=\"90\" class=\"elementor elementor-90\" data-elementor-post-type=\"page\">\n\t\t\t\t\t\t<div class=\"elementor-section elementor-top-section elementor-element elementor-element-e8932bf pbmit-col-stretched-none pbmit-bg-color-over-image elementor-section-boxed elementor-section-height-default elementor-section-height-default wpr-particle-no wpr-jarallax-no wpr-parallax-no wpr-sticky-section-no\" data-id=\"e8932bf\" data-element_type=\"section\">\n\t\t\t\t\t\t<div class=\"elementor-container elementor-column-gap-no\">\n\t\t\t\t\t<div class=\"elementor-column elementor-col-100 elementor-top-column elementor-element elementor-element-8518514 pbmit-bg-color-over-image\" data-id=\"8518514\" data-element_type=\"column\">\n\t\t\t<div class=\"elementor-widget-wrap elementor-element-populated\">\n\t\t\t\t\t\t<div class=\"elementor-element elementor-element-5a5e3ce elementor-widget elementor-widget-pbmit_team_element\" data-id=\"5a5e3ce\" data-element_type=\"widget\" data-widget_type=\"pbmit_team_element.default\">\n\t\t\t\t<div class=\"elementor-widget-container\">\n\t\t\t\r\n\t\t<div class=\"pbminfotech-element\r\n\t\t\tpbminfotech-element-team\t\t\tpbmit-element-team-style-4\t\t\tpbmit-element-viewtype-row-column\t\t\tpbmit-element-column-three\t\t\tpbmit-element-sticky-carousel-false\t\t\tpbmit-element-caroursel-dot-false\t\t\tpbmit-infinite-scroll-no\t\t\tpbmit-infinite-scroll-button-no\t\t\tpbminfotech-gap-default\t\t\t\t\t\t\t\t\t\"\r\n\r\n\t\t\tdata-cpt=\"team\"\r\n\t\t\tdata-totalpagination=\"1\"\r\n\t\t\tdata-style=\"4\"\r\n\t\t\tdata-show=\"8\"\r\n\t\t\tdata-columns=\"3\"\r\n\t\t\tdata-loop=\"false\"\r\n\t\t\tdata-autoplay=\"false\"\r\n\t\t\tdata-center=\"false\"\r\n\t\t\tdata-nav=\"false\"\r\n\t\t\tdata-dots=\"false\"\r\n\t\t\tdata-reverse=\"false\"\r\n\t\t\tdata-speed=\"1000\"\r\n\t\t\tdata-delay=\"4000\"\r\n\t\t\tdata-margin=\"default\"\r\n\t\t\tdata-show-portion=\"false\">\r\n\r\n\t\t\t<div class=\"pbmit-element-inner\">\r\n\t\t\r\n\r\n\t\t\r\n\t\t<div class=\"pbmit-ele-header-area\">\r\n\t\t\t\t<div class=\"pbmit-heading-subheading \"><\/div>\t\t\t\t\t<\/div>\r\n\r\n\t\t<div class=\"pbmit-infinite-scroll-data\">{\"cpt\":\"team\",\"style\":\"4\",\"columns\":\"3\",\"show\":8,\"order\":\"DESC\",\"orderby\":\"title\"}<\/div>\r\n\t\t\t<div class=\"pbmit-element-posts-wrapper row multi-columns-row \">\r\n\t\t\t\t<article class=\"pbmit-ele pbmit-ele-team pbmit-team-style-4 col-md-4  pbmit-odd pbmit-col-odd\"><div class=\"pbminfotech-post-item\">\r\n\t<div class=\"pbmit-featured-img-wrapper\"><div class=\"pbmit-featured-wrapper\"><a href=\"https:\/\/hospitalpetdream.com.br\/site\/team-member\/dr-bruce-lins\/\"><img fetchpriority=\"high\" decoding=\"async\" width=\"640\" height=\"730\" src=\"https:\/\/hospitalpetdream.com.br\/site\/wp-content\/uploads\/2023\/08\/MG_1453-640x730.jpg\" class=\"attachment-pbmit-img-640x730 size-pbmit-img-640x730 wp-post-image\" alt=\"\" srcset=\"https:\/\/hospitalpetdream.com.br\/site\/wp-content\/uploads\/2023\/08\/MG_1453-640x730.jpg 640w, https:\/\/hospitalpetdream.com.br\/site\/wp-content\/uploads\/2023\/08\/MG_1453-860x980.jpg 860w\" sizes=\"(max-width: 640px) 100vw, 640px\" \/><\/a><\/div><\/div>\t<div class=\"pbminfotech-box-content\">\r\n\t\t<h3 class=\"pbmit-team-title\"><a href=\"https:\/\/hospitalpetdream.com.br\/site\/team-member\/dr-bruce-lins\/\">DR\u00ba BRUCE LINS<\/a><\/h3>\r\n\t\t\t\t<div class=\"pbminfotech-box-team-position\">DERMATOLOGIA E ALERGOLOGIA<\/div>\r\n\t\t\t<\/div>\r\n\t<div class=\"pbmit-team-btn\"><a class=\"pbmit-team-text\" href=\"#\"><i class=\"pbmit-base-icon-share-1\"><\/i><\/a>\r\n\t\t<div class=\"pbminfotech-box-social-links\">\r\n\t\t\t\t\t<\/div>\r\n\t<\/div>\r\n<\/div><\/article><article class=\"pbmit-ele pbmit-ele-team pbmit-team-style-4 col-md-4  pbmit-even pbmit-col-odd\"><div class=\"pbminfotech-post-item\">\r\n\t<div class=\"pbmit-featured-img-wrapper\"><div class=\"pbmit-featured-wrapper\"><a href=\"https:\/\/hospitalpetdream.com.br\/site\/team-member\/dr-andresa-souza\/\"><img decoding=\"async\" width=\"640\" height=\"730\" src=\"https:\/\/hospitalpetdream.com.br\/site\/wp-content\/uploads\/2023\/08\/MG_1509-1-1-640x730.jpg\" class=\"attachment-pbmit-img-640x730 size-pbmit-img-640x730 wp-post-image\" alt=\"\" srcset=\"https:\/\/hospitalpetdream.com.br\/site\/wp-content\/uploads\/2023\/08\/MG_1509-1-1-640x730.jpg 640w, https:\/\/hospitalpetdream.com.br\/site\/wp-content\/uploads\/2023\/08\/MG_1509-1-1-860x980.jpg 860w\" sizes=\"(max-width: 640px) 100vw, 640px\" \/><\/a><\/div><\/div>\t<div class=\"pbminfotech-box-content\">\r\n\t\t<h3 class=\"pbmit-team-title\"><a href=\"https:\/\/hospitalpetdream.com.br\/site\/team-member\/dr-andresa-souza\/\">DR\u00aa ANDRESA SOUZA<\/a><\/h3>\r\n\t\t\t\t<div class=\"pbminfotech-box-team-position\">CORDENADORA M\u00c9DICA E ESPECIALIZADA EM FELINOS<\/div>\r\n\t\t\t<\/div>\r\n\t<div class=\"pbmit-team-btn\"><a class=\"pbmit-team-text\" href=\"#\"><i class=\"pbmit-base-icon-share-1\"><\/i><\/a>\r\n\t\t<div class=\"pbminfotech-box-social-links\">\r\n\t\t\t<ul class=\"pbmit-social-links pbmit-team-social-links\"><li class=\"pbmit-social-li pbmit-social-facebook\"><a href=\"#\" title=\"Facebook\" target=\"_blank\"><span><i class=\"pbmit-base-icon-facebook-f\"><\/i><\/span><\/a><\/li><li class=\"pbmit-social-li pbmit-social-twitter\"><a href=\"#\" title=\"Twitter\" target=\"_blank\"><span><i class=\"pbmit-base-icon-twitter-2\"><\/i><\/span><\/a><\/li><li class=\"pbmit-social-li pbmit-social-linkedin\"><a href=\"#\" title=\"LinkedIn\" target=\"_blank\"><span><i class=\"pbmit-base-icon-linkedin-in\"><\/i><\/span><\/a><\/li><li class=\"pbmit-social-li pbmit-social-instagram\"><a href=\"#\" title=\"Instagram\" target=\"_blank\"><span><i class=\"pbmit-base-icon-instagram\"><\/i><\/span><\/a><\/li><\/ul>\t\t<\/div>\r\n\t<\/div>\r\n<\/div><\/article><article class=\"pbmit-ele pbmit-ele-team pbmit-team-style-4 col-md-4  pbmit-odd pbmit-col-odd\"><div class=\"pbminfotech-post-item\">\r\n\t<div class=\"pbmit-featured-img-wrapper\"><div class=\"pbmit-featured-wrapper\"><a href=\"https:\/\/hospitalpetdream.com.br\/site\/team-member\/dr-francisco-almeida\/\"><img decoding=\"async\" width=\"640\" height=\"730\" src=\"https:\/\/hospitalpetdream.com.br\/site\/wp-content\/uploads\/2023\/08\/MG_1526-640x730.jpg\" class=\"attachment-pbmit-img-640x730 size-pbmit-img-640x730 wp-post-image\" alt=\"\" srcset=\"https:\/\/hospitalpetdream.com.br\/site\/wp-content\/uploads\/2023\/08\/MG_1526-640x730.jpg 640w, https:\/\/hospitalpetdream.com.br\/site\/wp-content\/uploads\/2023\/08\/MG_1526-860x980.jpg 860w\" sizes=\"(max-width: 640px) 100vw, 640px\" \/><\/a><\/div><\/div>\t<div class=\"pbminfotech-box-content\">\r\n\t\t<h3 class=\"pbmit-team-title\"><a href=\"https:\/\/hospitalpetdream.com.br\/site\/team-member\/dr-francisco-almeida\/\">Dr. FRANCISCO ALMEIDA<\/a><\/h3>\r\n\t\t\t\t<div class=\"pbminfotech-box-team-position\">Coordenador m\u00e9dico e respons\u00e1vel pelo setor de nefrologia e Hemodi\u00e1lise <\/div>\r\n\t\t\t<\/div>\r\n\t<div class=\"pbmit-team-btn\"><a class=\"pbmit-team-text\" href=\"#\"><i class=\"pbmit-base-icon-share-1\"><\/i><\/a>\r\n\t\t<div class=\"pbminfotech-box-social-links\">\r\n\t\t\t<ul class=\"pbmit-social-links pbmit-team-social-links\"><li class=\"pbmit-social-li pbmit-social-facebook\"><a href=\"#\" title=\"Facebook\" target=\"_blank\"><span><i class=\"pbmit-base-icon-facebook-f\"><\/i><\/span><\/a><\/li><li class=\"pbmit-social-li pbmit-social-twitter\"><a href=\"#\" title=\"Twitter\" target=\"_blank\"><span><i class=\"pbmit-base-icon-twitter-2\"><\/i><\/span><\/a><\/li><\/ul>\t\t<\/div>\r\n\t<\/div>\r\n<\/div><\/article>\t\t\t<\/div>\r\n\t\t\t\r\n\t\t\r\n\t\t\r\n\t\t\t\t\t<\/div><!-- .pbmit-element-inner -->\r\n\t\t<\/div><!-- .pbminfotech-element -->\r\n\r\n\t\t\t\t\t\t<\/div>\n\t\t\t\t<\/div>\n\t\t\t\t\t<\/div>\n\t\t<\/div>\n\t\t\t\t\t<\/div>\n\t\t<\/div>\n\t\t\t\t<\/div>\n\t\t","protected":false},"excerpt":{"rendered":"<p>{&#8220;cpt&#8221;:&#8221;team&#8221;,&#8221;style&#8221;:&#8221;4&#8243;,&#8221;columns&#8221;:&#8221;3&#8243;,&#8221;show&#8221;:8,&#8221;order&#8221;:&#8221;DESC&#8221;,&#8221;orderby&#8221;:&#8221;title&#8221;} DR\u00ba BRUCE LINS DERMATOLOGIA E ALERGOLOGIA DR\u00aa ANDRESA SOUZA CORDENADORA M\u00c9DICA E ESPECIALIZADA EM FELINOS Dr. FRANCISCO ALMEIDA Coordenador m\u00e9dico e respons\u00e1vel pelo setor de nefrologia e Hemodi\u00e1lise<\/p>\n","protected":false},"author":4,"featured_media":0,"parent":0,"menu_order":6,"comment_status":"closed","ping_status":"closed","template":"","meta":{"_acf_changed":false,"inline_featured_image":false,"footnotes":""},"class_list":["post-90","page","type-page","status-publish","hentry"],"acf":[],"_links":{"self":[{"href":"https:\/\/hospitalpetdream.com.br\/site\/wp-json\/wp\/v2\/pages\/90","targetHints":{"allow":["GET"]}}],"collection":[{"href":"https:\/\/hospitalpetdream.com.br\/site\/wp-json\/wp\/v2\/pages"}],"about":[{"href":"https:\/\/hospitalpetdream.com.br\/site\/wp-json\/wp\/v2\/types\/page"}],"author":[{"embeddable":true,"href":"https:\/\/hospitalpetdream.com.br\/site\/wp-json\/wp\/v2\/users\/4"}],"replies":[{"embeddable":true,"href":"https:\/\/hospitalpetdream.com.br\/site\/wp-json\/wp\/v2\/comments?post=90"}],"version-history":[{"count":22,"href":"https:\/\/hospitalpetdream.com.br\/site\/wp-json\/wp\/v2\/pages\/90\/revisions"}],"predecessor-version":[{"id":2261,"href":"https:\/\/hospitalpetdream.com.br\/site\/wp-json\/wp\/v2\/pages\/90\/revisions\/2261"}],"wp:attachment":[{"href":"https:\/\/hospitalpetdream.com.br\/site\/wp-json\/wp\/v2\/media?parent=90"}],"curies":[{"name":"wp","href":"https:\/\/api.w.org\/{rel}","templated":true}]}}